{"id":998,"date":"2019-08-22T09:35:42","date_gmt":"2019-08-22T12:35:42","guid":{"rendered":"http:\/\/sincomavi.org.br\/?page_id=998"},"modified":"2019-09-04T07:54:10","modified_gmt":"2019-09-04T10:54:10","slug":"declaracao-para-isencao-de-publicacao-do-balanco-anual-de-demonstracoes-financeiras","status":"publish","type":"page","link":"https:\/\/sincomavi.org.br\/?page_id=998","title":{"rendered":"Declara\u00e7\u00e3o para isen\u00e7\u00e3o de publica\u00e7\u00e3o do Balan\u00e7o Anual"},"content":{"rendered":"\n<p>Decis\u00e3o da 1\u00aa Turma do Tribunal Regional Federal da 3\u00aa Regi\u00e3o (TRF3) de S\u00e3o Paulo desobriga empresas de grande porte, que sejam representadas pelo Sincomavi, a publicar no Di\u00e1rio Oficial e em jornais de grande circula\u00e7\u00e3o o Balan\u00e7o Anual de Demonstra\u00e7\u00f5es Financeiras do \u00faltimo exerc\u00edcio antes do pedido de seu arquivamento na Jucesp.<\/p>\n\n\n\n<p>Essa conquista foi obtida gra\u00e7as a uma a\u00e7\u00e3o coletiva do sistema de representa\u00e7\u00e3o sindical do com\u00e9rcio e servi\u00e7os; representa menos burocracia e custos para as empresas.<\/p>\n\n\n\n<p>A obrigatoriedade era condi\u00e7\u00e3o para registro dos atos societ\u00e1rios de empresas de grande porte na Junta Comercial do Estado de S\u00e3o Paulo (Jucesp).<\/p>\n\n\n\n<p><em>Para ser beneficiado com essa decis\u00e3o da Justi\u00e7a de S\u00e3o Paulo, o empres\u00e1rio dever\u00e1 entrar em contato pelo telefone (11) 3488-8200 ou sincomavi@sincomavi.org.br para solicitar a declara\u00e7\u00e3o de v\u00ednculo de representa\u00e7\u00e3o da empresa com o Sincomavi.<\/em><\/p>\n","protected":false},"excerpt":{"rendered":"<p>Decis\u00e3o da 1\u00aa Turma do Tribunal Regional Federal da 3\u00aa Regi\u00e3o (TRF3) de S\u00e3o Paulo desobriga empresas de grande porte, que sejam representadas pelo Sincomavi, a publicar no Di\u00e1rio Oficial e em jornais de grande circula\u00e7\u00e3o o Balan\u00e7o Anual de Demonstra\u00e7\u00f5es Financeiras do \u00faltimo exerc\u00edcio antes do pedido de seu arquivamento na Jucesp. Essa conquista [&hellip;]<\/p>\n","protected":false},"author":1,"featured_media":999,"parent":0,"menu_order":0,"comment_status":"closed","ping_status":"closed","template":"","meta":{"tdm_status":"","tdm_grid_status":"","footnotes":""},"class_list":["post-998","page","type-page","status-publish","has-post-thumbnail","hentry"],"amp_enabled":true,"_links":{"self":[{"href":"https:\/\/sincomavi.org.br\/index.php?rest_route=\/wp\/v2\/pages\/998","targetHints":{"allow":["GET"]}}],"collection":[{"href":"https:\/\/sincomavi.org.br\/index.php?rest_route=\/wp\/v2\/pages"}],"about":[{"href":"https:\/\/sincomavi.org.br\/index.php?rest_route=\/wp\/v2\/types\/page"}],"author":[{"embeddable":true,"href":"https:\/\/sincomavi.org.br\/index.php?rest_route=\/wp\/v2\/users\/1"}],"replies":[{"embeddable":true,"href":"https:\/\/sincomavi.org.br\/index.php?rest_route=%2Fwp%2Fv2%2Fcomments&post=998"}],"version-history":[{"count":3,"href":"https:\/\/sincomavi.org.br\/index.php?rest_route=\/wp\/v2\/pages\/998\/revisions"}],"predecessor-version":[{"id":1184,"href":"https:\/\/sincomavi.org.br\/index.php?rest_route=\/wp\/v2\/pages\/998\/revisions\/1184"}],"wp:featuredmedia":[{"embeddable":true,"href":"https:\/\/sincomavi.org.br\/index.php?rest_route=\/wp\/v2\/media\/999"}],"wp:attachment":[{"href":"https:\/\/sincomavi.org.br\/index.php?rest_route=%2Fwp%2Fv2%2Fmedia&parent=998"}],"curies":[{"name":"wp","href":"https:\/\/api.w.org\/{rel}","templated":true}]}}