{"id":986,"date":"2019-08-22T09:10:11","date_gmt":"2019-08-22T12:10:11","guid":{"rendered":"http:\/\/sincomavi.org.br\/?page_id=986"},"modified":"2023-09-29T11:56:29","modified_gmt":"2023-09-29T14:56:29","slug":"escola-de-negocios-2","status":"publish","type":"page","link":"https:\/\/sincomavi.org.br\/?page_id=986","title":{"rendered":"Escola de Neg\u00f3cios"},"content":{"rendered":"\n<figure class=\"wp-block-image\"><img loading=\"lazy\" decoding=\"async\" width=\"1024\" height=\"282\" src=\"http:\/\/sincomavi.org.br\/wp-content\/uploads\/2019\/08\/HORIZONTAL_LOGO-EN-1024x282.png\" alt=\"\" class=\"wp-image-981\" srcset=\"https:\/\/sincomavi.org.br\/wp-content\/uploads\/2019\/08\/HORIZONTAL_LOGO-EN-1024x282.png 1024w, https:\/\/sincomavi.org.br\/wp-content\/uploads\/2019\/08\/HORIZONTAL_LOGO-EN-300x82.png 300w, https:\/\/sincomavi.org.br\/wp-content\/uploads\/2019\/08\/HORIZONTAL_LOGO-EN-768x211.png 768w, https:\/\/sincomavi.org.br\/wp-content\/uploads\/2019\/08\/HORIZONTAL_LOGO-EN-1528x420.png 1528w, https:\/\/sincomavi.org.br\/wp-content\/uploads\/2019\/08\/HORIZONTAL_LOGO-EN-640x176.png 640w, https:\/\/sincomavi.org.br\/wp-content\/uploads\/2019\/08\/HORIZONTAL_LOGO-EN-681x187.png 681w\" sizes=\"auto, (max-width: 1024px) 100vw, 1024px\" \/><\/figure>\n\n\n\n<p>O Sincomavi Escola de Neg\u00f3cios, oferece treinamentos sob medida para voc\u00ea e seus funcion\u00e1rios.<\/p>\n\n\n\n<ul class=\"wp-block-list\">\n<li>recicle seus conhecimentos;<\/li>\n\n\n\n<li>capacite seus colaboradores;<\/li>\n\n\n\n<li>fa\u00e7a network;<\/li>\n\n\n\n<li>conhe\u00e7a novas tend\u00eancias;<\/li>\n\n\n\n<li>discuta inova\u00e7\u00f5es e assuntos do mercado.<\/li>\n<\/ul>\n\n\n\n<p>Tudo por meio de cursos e treinamentos voltados tanto \u00e0 gest\u00e3o do neg\u00f3cio, quanto \u00e0 capacita\u00e7\u00e3o de m\u00e3o de obra, e formulados para o desenvolvimento de l\u00edderes e seus colaboradores. <\/p>\n\n\n\n<h2 class=\"wp-block-heading\"><strong>Diferenciais<\/strong><\/h2>\n\n\n\n<ul class=\"wp-block-list\">\n<li>treinamentos desenvolvidos especialmente para o segmento;<\/li>\n\n\n\n<li>valores subsidiados e pre\u00e7o justo;<\/li>\n\n\n\n<li>professores com conhecimento e experi\u00eancia no setor.<\/li>\n<\/ul>\n\n\n\n<h2 class=\"wp-block-heading\"><strong>Tipos de cursos<\/strong><\/h2>\n\n\n\n<ul class=\"wp-block-list\">\n<li>atualiza\u00e7\u00e3o;<\/li>\n\n\n\n<li>profissionalizante;<\/li>\n\n\n\n<li>desenvolvimento profissional.<\/li>\n<\/ul>\n\n\n\n<h2 class=\"wp-block-heading\"><strong>\u00c1reas abordadas<\/strong><\/h2>\n\n\n\n<ul class=\"wp-block-list\">\n<li>gest\u00e3o empresarial;<\/li>\n\n\n\n<li>finan\u00e7as;<\/li>\n\n\n\n<li>vendas;<\/li>\n\n\n\n<li>compras;<\/li>\n\n\n\n<li>log\u00edstica;<\/li>\n\n\n\n<li>tributa\u00e7\u00e3o.<\/li>\n<\/ul>\n\n\n\n<p>Em nossa Escola de Neg\u00f3cios voc\u00ea e seus colaboradores contam com todo o suporte pedag\u00f3gico necess\u00e1rio e aulas elaboradas a partir de pesquisas atualizadas, que mesclam as boas pr\u00e1ticas do mercado com a excel\u00eancia educacional.<\/p>\n\n\n\n<p>Al\u00e9m disso, para uma maior comodidade, oferecemos cursos presenciais*, itinerantes e in company.<\/p>\n\n\n\n<p>O Sincomavi conta ainda com sistema de ensino a dist\u00e2ncia. Veja mais detalhes em<a href=\"http:\/\/www.sincomavi.online\" target=\"_blank\" rel=\"noreferrer noopener\"><strong> www.sincomavi.online.<\/strong><\/a><\/p>\n\n\n\n<div style=\"height:31px\" aria-hidden=\"true\" class=\"wp-block-spacer\"><\/div>\n\n\n\n<h4 class=\"wp-block-heading has-text-align-center has-white-color has-vivid-cyan-blue-to-vivid-purple-gradient-background has-text-color has-background\" style=\"font-style:normal;font-weight:700\"><strong>Confira a programa\u00e7\u00e3o completa do<\/strong><br><strong>Sincomavi Escola de Neg\u00f3cios<\/strong><\/h4>\n\n\n<style>.wp-block-kadence-advancedbtn.kb-btns986_dd0fc9-d9{gap:var(--global-kb-gap-xs, 0.5rem );justify-content:center;align-items:center;}.kt-btns986_dd0fc9-d9 .kt-button{font-weight:normal;font-style:normal;}.kt-btns986_dd0fc9-d9 .kt-btn-wrap-0{margin-right:5px;}.wp-block-kadence-advancedbtn.kt-btns986_dd0fc9-d9 .kt-btn-wrap-0 .kt-button{color:#555555;border-color:#555555;}.wp-block-kadence-advancedbtn.kt-btns986_dd0fc9-d9 .kt-btn-wrap-0 .kt-button:hover, .wp-block-kadence-advancedbtn.kt-btns986_dd0fc9-d9 .kt-btn-wrap-0 .kt-button:focus{color:#ffffff;border-color:#444444;}.wp-block-kadence-advancedbtn.kt-btns986_dd0fc9-d9 .kt-btn-wrap-0 .kt-button::before{display:none;}.wp-block-kadence-advancedbtn.kt-btns986_dd0fc9-d9 .kt-btn-wrap-0 .kt-button:hover, .wp-block-kadence-advancedbtn.kt-btns986_dd0fc9-d9 .kt-btn-wrap-0 .kt-button:focus{background:#444444;}<\/style>\n<div class=\"wp-block-kadence-advancedbtn kb-buttons-wrap kb-btns986_dd0fc9-d9\"><style>ul.menu .wp-block-kadence-advancedbtn .kb-btn986_fb9ebb-79.kb-button{width:initial;}<\/style><a class=\"kb-button kt-button button kb-btn986_fb9ebb-79 kt-btn-size-standard kt-btn-width-type-auto kb-btn-global-fill  kt-btn-has-text-true kt-btn-has-svg-false  wp-block-kadence-singlebtn\" href=\"https:\/\/sincomavi.org.br\/?cat=175\" target=\"_blank\" rel=\"noreferrer noopener\"><span class=\"kt-btn-inner-text\">CLIQUE AQUI<\/span><\/a><\/div>\n\n\n\n<div style=\"height:31px\" aria-hidden=\"true\" class=\"wp-block-spacer\"><\/div>\n\n\n\n<h4 class=\"wp-block-heading has-text-align-center\"><strong>Sincomavi Escola de Neg\u00f3cios<br>Telefone (11) 3488-8200 | cursos@sincomavi.org.br.<\/strong><\/h4>\n\n\n\n<hr class=\"wp-block-separator has-alpha-channel-opacity is-style-default\"\/>\n","protected":false},"excerpt":{"rendered":"<p>O Sincomavi Escola de Neg\u00f3cios, oferece treinamentos sob medida para voc\u00ea e seus funcion\u00e1rios. Tudo por meio de cursos e treinamentos voltados tanto \u00e0 gest\u00e3o do neg\u00f3cio, quanto \u00e0 capacita\u00e7\u00e3o de m\u00e3o de obra, e formulados para o desenvolvimento de l\u00edderes e seus colaboradores. Diferenciais Tipos de cursos \u00c1reas abordadas Em nossa Escola de Neg\u00f3cios [&hellip;]<\/p>\n","protected":false},"author":1,"featured_media":0,"parent":0,"menu_order":0,"comment_status":"closed","ping_status":"closed","template":"","meta":{"tdm_status":"","tdm_grid_status":"","footnotes":""},"class_list":["post-986","page","type-page","status-publish","hentry"],"amp_enabled":true,"_links":{"self":[{"href":"https:\/\/sincomavi.org.br\/index.php?rest_route=\/wp\/v2\/pages\/986","targetHints":{"allow":["GET"]}}],"collection":[{"href":"https:\/\/sincomavi.org.br\/index.php?rest_route=\/wp\/v2\/pages"}],"about":[{"href":"https:\/\/sincomavi.org.br\/index.php?rest_route=\/wp\/v2\/types\/page"}],"author":[{"embeddable":true,"href":"https:\/\/sincomavi.org.br\/index.php?rest_route=\/wp\/v2\/users\/1"}],"replies":[{"embeddable":true,"href":"https:\/\/sincomavi.org.br\/index.php?rest_route=%2Fwp%2Fv2%2Fcomments&post=986"}],"version-history":[{"count":14,"href":"https:\/\/sincomavi.org.br\/index.php?rest_route=\/wp\/v2\/pages\/986\/revisions"}],"predecessor-version":[{"id":10615,"href":"https:\/\/sincomavi.org.br\/index.php?rest_route=\/wp\/v2\/pages\/986\/revisions\/10615"}],"wp:attachment":[{"href":"https:\/\/sincomavi.org.br\/index.php?rest_route=%2Fwp%2Fv2%2Fmedia&parent=986"}],"curies":[{"name":"wp","href":"https:\/\/api.w.org\/{rel}","templated":true}]}}