{"id":728,"date":"2019-08-16T14:55:59","date_gmt":"2019-08-16T17:55:59","guid":{"rendered":"http:\/\/sincomavi.org.br\/?page_id=728"},"modified":"2024-06-26T10:08:17","modified_gmt":"2024-06-26T13:08:17","slug":"logistica-reversa","status":"publish","type":"page","link":"https:\/\/sincomavi.org.br\/?page_id=728","title":{"rendered":"Log\u00edstica Reversa"},"content":{"rendered":"\n<p>A Pol\u00edtica Nacional de Res\u00edduos S\u00f3lidos (Lei 12.305\/2010) determinou a responsabilidade compartilhada de consumidores, fabricantes, importadores e comerciantes no ciclo de vida dos produtos. Em outras palavras, todos esses agentes cumprem papel importante na destina\u00e7\u00e3o correta de embalagens e produtos p\u00f3s-consumo.<\/p>\n\n\n\n<p>No caso espec\u00edfico do segmento comercial representado pelo Sincomavi, independente do porte do estabelecimento, \u00e9 preciso seguir as regras definidas pelos acordos setoriais e termos de compromisso, pois existe efeito vinculante ou estabelecer uma pol\u00edtica individual, o que certamente tem um maior custo operacional e financeiro.<\/p>\n\n\n\n<p>As empresas infratoras est\u00e3o sujeitas \u00e0s penaliza\u00e7\u00f5es previstas na legisla\u00e7\u00e3o, conforme estabelece os decretos 7.404\/2010 e 6.514\/2008: <mark class=\"kt-highlight\">multas que variam entre R$ 50 e R$ 50 milh\u00f5es em valores atuais.<\/mark><\/p>\n\n\n\n<p>O Sincomavi tem acompanhado o tema, participado de f\u00f3runs setoriais e firmado parcerias e conv\u00eanios, de maneira a oferecer solu\u00e7\u00f5es para facilitar o ingresso dos com\u00e9rcios do segmento nos sistemas de Log\u00edstica Reversa.<\/p>\n\n\n\n<p>Atualmente as empresas representadas pela entidade podem se valer de acordos para os seguintes itens:<\/p>\n\n\n\n<ul class=\"wp-block-list\" style=\"font-size:20px\">\n<li>Eletroeletr\u00f4nicos, Pilhas e Baterias<\/li>\n<\/ul>\n\n\n\n<p><strong>Green Eletron<\/strong> &#8211; Gestora para Log\u00edstica Reversa de Equipamentos Eletroeletr\u00f4nicos, fundada em 2016, a empresa contrata e coordena os servi\u00e7os de coleta, transporte e a destina\u00e7\u00e3o final ambientalmente adequada dos eletroeletr\u00f4nicos, pilhas e baterias descartados.<\/p>\n\n\n\n<ul class=\"wp-block-list\" style=\"font-size:20px\">\n<li>L\u00e2mpadas<\/li>\n<\/ul>\n\n\n\n<p>A <strong>Reciclus<\/strong> realiza a opera\u00e7\u00e3o de Log\u00edstica Reversa p\u00f3s-consumo de l\u00e2mpadas fluorescentes, de vapor de s\u00f3dio e merc\u00fario e de luz mista.<\/p>\n\n\n\n<ul class=\"wp-block-list\" style=\"font-size:20px\">\n<li>Latas de Tintas<\/li>\n<\/ul>\n\n\n\n<p>A <strong>Prolata Reciclagem<\/strong> \u00e9 uma associa\u00e7\u00e3o sem fins lucrativos, criada em 2012, respons\u00e1vel pelo sistema de coleta de latas de a\u00e7o para tintas e material de constru\u00e7\u00e3o.<\/p>\n\n\n\n<ul class=\"wp-block-list\" style=\"font-size:20px\">\n<li>Baldes Pl\u00e1sticos<\/li>\n<\/ul>\n\n\n\n<p>O acordo firmado com a <strong>Abiplast <\/strong>prev\u00ea a destina\u00e7\u00e3o adequada de baldes pl\u00e1sticos para tintas. O programa est\u00e1 em sua primeira fase e conta atualmente com 18 pontos de entrega volunt\u00e1ria.<\/p>\n\n\n\n<div style=\"height:15px\" aria-hidden=\"true\" class=\"wp-block-spacer\"><\/div>\n\n\n\n<p class=\"has-text-align-center has-white-color has-vivid-green-cyan-background-color has-text-color has-background\" style=\"font-size:20px\">Regularize a situa\u00e7\u00e3o de seu neg\u00f3cio! Entre em contato pelo telefone (11) 3488-8200 ou convenios@sincomavi.org.br.<\/p>\n\n\n\n<div style=\"height:12px\" aria-hidden=\"true\" class=\"wp-block-spacer\"><\/div>\n\n\n\n<h2 class=\"wp-block-heading\">Conhe\u00e7a o hotsite <a href=\"http:\/\/www.coletalegal.org.br\" target=\"_blank\" rel=\"noreferrer noopener\">Coleta Legal<\/a><\/h2>\n\n\n\n<p>Uma iniciativa do Sincomavi para informar consumidores e comerciantes sobre os pontos de coleta volunt\u00e1ria (PEVs) localizados na \u00e1rea de representa\u00e7\u00e3o da entidade: 30 cidades da Regi\u00e3o Metropolitana de S\u00e3o Paulo.<\/p>\n\n\n<style>.wp-block-kadence-spacer.kt-block-spacer-728_9c0d1b-67 .kt-block-spacer{height:60px;}.wp-block-kadence-spacer.kt-block-spacer-728_9c0d1b-67 .kt-divider{border-top-width:1px;height:1px;border-top-color:#eee;width:80%;border-top-style:solid;}<\/style>\n<div class=\"wp-block-kadence-spacer aligncenter kt-block-spacer-728_9c0d1b-67\"><div class=\"kt-block-spacer kt-block-spacer-halign-center\"><hr class=\"kt-divider\"\/><\/div><\/div>\n","protected":false},"excerpt":{"rendered":"<p>A Pol\u00edtica Nacional de Res\u00edduos S\u00f3lidos (Lei 12.305\/2010) determinou a responsabilidade compartilhada de consumidores, fabricantes, importadores e comerciantes no ciclo de vida dos produtos. Em outras palavras, todos esses agentes cumprem papel importante na destina\u00e7\u00e3o correta de embalagens e produtos p\u00f3s-consumo. No caso espec\u00edfico do segmento comercial representado pelo Sincomavi, independente do porte do estabelecimento, [&hellip;]<\/p>\n","protected":false},"author":1,"featured_media":731,"parent":0,"menu_order":0,"comment_status":"closed","ping_status":"closed","template":"","meta":{"tdm_status":"","tdm_grid_status":"","footnotes":""},"class_list":["post-728","page","type-page","status-publish","has-post-thumbnail","hentry"],"amp_enabled":true,"_links":{"self":[{"href":"https:\/\/sincomavi.org.br\/index.php?rest_route=\/wp\/v2\/pages\/728","targetHints":{"allow":["GET"]}}],"collection":[{"href":"https:\/\/sincomavi.org.br\/index.php?rest_route=\/wp\/v2\/pages"}],"about":[{"href":"https:\/\/sincomavi.org.br\/index.php?rest_route=\/wp\/v2\/types\/page"}],"author":[{"embeddable":true,"href":"https:\/\/sincomavi.org.br\/index.php?rest_route=\/wp\/v2\/users\/1"}],"replies":[{"embeddable":true,"href":"https:\/\/sincomavi.org.br\/index.php?rest_route=%2Fwp%2Fv2%2Fcomments&post=728"}],"version-history":[{"count":7,"href":"https:\/\/sincomavi.org.br\/index.php?rest_route=\/wp\/v2\/pages\/728\/revisions"}],"predecessor-version":[{"id":11975,"href":"https:\/\/sincomavi.org.br\/index.php?rest_route=\/wp\/v2\/pages\/728\/revisions\/11975"}],"wp:featuredmedia":[{"embeddable":true,"href":"https:\/\/sincomavi.org.br\/index.php?rest_route=\/wp\/v2\/media\/731"}],"wp:attachment":[{"href":"https:\/\/sincomavi.org.br\/index.php?rest_route=%2Fwp%2Fv2%2Fmedia&parent=728"}],"curies":[{"name":"wp","href":"https:\/\/api.w.org\/{rel}","templated":true}]}}