{"id":668,"date":"2019-08-16T11:58:59","date_gmt":"2019-08-16T14:58:59","guid":{"rendered":"http:\/\/sincomavi.org.br\/?page_id=668"},"modified":"2019-09-04T07:28:41","modified_gmt":"2019-09-04T10:28:41","slug":"assessoria-juridica","status":"publish","type":"page","link":"https:\/\/sincomavi.org.br\/?page_id=668","title":{"rendered":"Assessoria Jur\u00eddica"},"content":{"rendered":"\n<p>Proporcionar condi\u00e7\u00f5es diferenciadas em produtos e servi\u00e7os sempre esteve entre os principais pontos que norteiam as a\u00e7\u00f5es do Sincomavi. <\/p>\n\n\n\n<p>Por essa raz\u00e3o, a entidade conta com v\u00e1rios tipos de parcerias e presta assessoria gratuita aos contribuintes em muitas especialidades, como Jur\u00eddica, Previdenci\u00e1ria, Trabalhista, Tribut\u00e1ria e Fiscal. Para se valer desses benef\u00edcios, o comerciante precisa apenas entrar em contato com o Sincomavi e repassar a d\u00favida ou problema para que a equipe especializada analise o caso.<\/p>\n\n\n\n<h4 class=\"wp-block-heading\"><strong>Para mais informa\u00e7\u00f5es, entre em contato: telefone: (11) 3488-8200 | sincomavi@sincomavi.org.br.<\/strong><\/h4>\n","protected":false},"excerpt":{"rendered":"<p>Proporcionar condi\u00e7\u00f5es diferenciadas em produtos e servi\u00e7os sempre esteve entre os principais pontos que norteiam as a\u00e7\u00f5es do Sincomavi. Por essa raz\u00e3o, a entidade conta com v\u00e1rios tipos de parcerias e presta assessoria gratuita aos contribuintes em muitas especialidades, como Jur\u00eddica, Previdenci\u00e1ria, Trabalhista, Tribut\u00e1ria e Fiscal. Para se valer desses benef\u00edcios, o comerciante precisa apenas [&hellip;]<\/p>\n","protected":false},"author":1,"featured_media":0,"parent":0,"menu_order":0,"comment_status":"closed","ping_status":"closed","template":"","meta":{"tdm_status":"","tdm_grid_status":"","footnotes":""},"class_list":["post-668","page","type-page","status-publish","hentry"],"amp_enabled":true,"_links":{"self":[{"href":"https:\/\/sincomavi.org.br\/index.php?rest_route=\/wp\/v2\/pages\/668","targetHints":{"allow":["GET"]}}],"collection":[{"href":"https:\/\/sincomavi.org.br\/index.php?rest_route=\/wp\/v2\/pages"}],"about":[{"href":"https:\/\/sincomavi.org.br\/index.php?rest_route=\/wp\/v2\/types\/page"}],"author":[{"embeddable":true,"href":"https:\/\/sincomavi.org.br\/index.php?rest_route=\/wp\/v2\/users\/1"}],"replies":[{"embeddable":true,"href":"https:\/\/sincomavi.org.br\/index.php?rest_route=%2Fwp%2Fv2%2Fcomments&post=668"}],"version-history":[{"count":2,"href":"https:\/\/sincomavi.org.br\/index.php?rest_route=\/wp\/v2\/pages\/668\/revisions"}],"predecessor-version":[{"id":1177,"href":"https:\/\/sincomavi.org.br\/index.php?rest_route=\/wp\/v2\/pages\/668\/revisions\/1177"}],"wp:attachment":[{"href":"https:\/\/sincomavi.org.br\/index.php?rest_route=%2Fwp%2Fv2%2Fmedia&parent=668"}],"curies":[{"name":"wp","href":"https:\/\/api.w.org\/{rel}","templated":true}]}}