{"id":585,"date":"2019-08-14T16:02:30","date_gmt":"2019-08-14T19:02:30","guid":{"rendered":"http:\/\/sincomavi.org.br\/?page_id=585"},"modified":"2019-09-04T08:21:30","modified_gmt":"2019-09-04T11:21:30","slug":"grupos-de-trabalho","status":"publish","type":"page","link":"https:\/\/sincomavi.org.br\/?page_id=585","title":{"rendered":"Grupos de Trabalho"},"content":{"rendered":"<div id=\"tdi_1\" class=\"tdc-zone\"><div class=\"tdc_zone tdi_2 \"  >\n<style scoped>\n\/* custom css - generated by TagDiv Composer *\/\n\n\/* custom css - generated by TagDiv Composer *\/\n\/* custom css - generated by TagDiv Composer *\/\n.tdi_2{\r\n                    min-height: 0;\r\n                }\n<\/style><div id=\"tdi_3\" class=\"tdc-row\"><div class=\"vc_row tdi_4  wpb_row td-pb-row\" >\n<style scoped>\n\/* custom css - generated by TagDiv Composer *\/\n\n\/* custom css - generated by TagDiv Composer *\/\n\/* custom css - generated by TagDiv Composer *\/\n.tdi_4,\r\n                .tdi_4 .tdc-columns{\r\n                    min-height: 0;\r\n                }\n<\/style><div class=\"vc_column tdi_6  wpb_column vc_column_container tdc-column td-pb-span12\">\n<style scoped>\n\/* custom css - generated by TagDiv Composer *\/\n\n\/* custom css - generated by TagDiv Composer *\/\n\/* custom css - generated by TagDiv Composer *\/\n.tdi_6{\r\n                    vertical-align: baseline;\r\n                }\n<\/style><div class=\"wpb_wrapper\" ><div class=\"td_block_wrap td_block_text_with_title tdi_7 td-pb-border-top td_block_template_1\"  data-td-block-uid=\"tdi_7\" >\n<style>\n\/* custom css - generated by TagDiv Composer *\/\n\/* custom css - generated by TagDiv Composer *\/\n\n<\/style><div class=\"td_mod_wrap td-pb-padding-side td-fix-index\"><p>O Sincomavi sempre teve uma atua\u00e7\u00e3o pioneira na cria\u00e7\u00e3o de projetos inovadores, como Encontro Empresarial, redes associativistas, clubes de compra e a\u00e7\u00f5es especiais no ponto de venda. Os grupos de trabalho e comit\u00eas especiais seguem nessa mesma dire\u00e7\u00e3o e buscam fomentar a troca de experi\u00eancias e conhecimento, unindo empres\u00e1rios e profissionais de \u00e1reas espec\u00edficas, promovendo palestras e debates sobre temas importantes para o desenvolvimento do setor.<\/p>\n<\/div><\/div><div class=\"td_block_wrap td_block_12 tdi_8 td-pb-border-top td_block_template_1\"  data-td-block-uid=\"tdi_8\" >\n<style>\n\/* custom css - generated by TagDiv Composer *\/\n\/* custom css - generated by TagDiv Composer *\/\n.tdi_8 .td-post-vid-time{\r\n\t\t\t\t\tdisplay: block;\r\n\t\t\t\t}\n<\/style><script>var block_tdi_8 = new tdBlock();\nblock_tdi_8.id = \"tdi_8\";\nblock_tdi_8.atts = '{\"category_id\":\"148\",\"block_type\":\"td_block_12\",\"separator\":\"\",\"custom_title\":\"\",\"custom_url\":\"\",\"title_tag\":\"\",\"block_template_id\":\"\",\"border_top\":\"\",\"color_preset\":\"\",\"m11_tl\":\"\",\"m11_title_tag\":\"\",\"m11_el\":\"\",\"post_ids\":\"\",\"category_ids\":\"\",\"tag_slug\":\"\",\"autors_id\":\"\",\"installed_post_types\":\"\",\"sort\":\"\",\"limit\":\"5\",\"offset\":\"\",\"open_in_new_window\":\"\",\"show_modified_date\":\"\",\"video_popup\":\"\",\"video_rec\":\"\",\"video_rec_title\":\"\",\"show_vid_t\":\"block\",\"el_class\":\"\",\"td_ajax_filter_type\":\"\",\"td_ajax_filter_ids\":\"\",\"td_filter_default_txt\":\"All\",\"td_ajax_preloading\":\"\",\"f_header_font_header\":\"\",\"f_header_font_title\":\"Block header\",\"f_header_font_settings\":\"\",\"f_header_font_family\":\"\",\"f_header_font_size\":\"\",\"f_header_font_line_height\":\"\",\"f_header_font_style\":\"\",\"f_header_font_weight\":\"\",\"f_header_font_transform\":\"\",\"f_header_font_spacing\":\"\",\"f_header_\":\"\",\"f_ajax_font_title\":\"Ajax categories\",\"f_ajax_font_settings\":\"\",\"f_ajax_font_family\":\"\",\"f_ajax_font_size\":\"\",\"f_ajax_font_line_height\":\"\",\"f_ajax_font_style\":\"\",\"f_ajax_font_weight\":\"\",\"f_ajax_font_transform\":\"\",\"f_ajax_font_spacing\":\"\",\"f_ajax_\":\"\",\"f_more_font_title\":\"Load more button\",\"f_more_font_settings\":\"\",\"f_more_font_family\":\"\",\"f_more_font_size\":\"\",\"f_more_font_line_height\":\"\",\"f_more_font_style\":\"\",\"f_more_font_weight\":\"\",\"f_more_font_transform\":\"\",\"f_more_font_spacing\":\"\",\"f_more_\":\"\",\"m11f_title_font_header\":\"\",\"m11f_title_font_title\":\"Article title\",\"m11f_title_font_settings\":\"\",\"m11f_title_font_family\":\"\",\"m11f_title_font_size\":\"\",\"m11f_title_font_line_height\":\"\",\"m11f_title_font_style\":\"\",\"m11f_title_font_weight\":\"\",\"m11f_title_font_transform\":\"\",\"m11f_title_font_spacing\":\"\",\"m11f_title_\":\"\",\"m11f_cat_font_title\":\"Article category tag\",\"m11f_cat_font_settings\":\"\",\"m11f_cat_font_family\":\"\",\"m11f_cat_font_size\":\"\",\"m11f_cat_font_line_height\":\"\",\"m11f_cat_font_style\":\"\",\"m11f_cat_font_weight\":\"\",\"m11f_cat_font_transform\":\"\",\"m11f_cat_font_spacing\":\"\",\"m11f_cat_\":\"\",\"m11f_meta_font_title\":\"Article meta info\",\"m11f_meta_font_settings\":\"\",\"m11f_meta_font_family\":\"\",\"m11f_meta_font_size\":\"\",\"m11f_meta_font_line_height\":\"\",\"m11f_meta_font_style\":\"\",\"m11f_meta_font_weight\":\"\",\"m11f_meta_font_transform\":\"\",\"m11f_meta_font_spacing\":\"\",\"m11f_meta_\":\"\",\"m11f_ex_font_title\":\"Article excerpt\",\"m11f_ex_font_settings\":\"\",\"m11f_ex_font_family\":\"\",\"m11f_ex_font_size\":\"\",\"m11f_ex_font_line_height\":\"\",\"m11f_ex_font_style\":\"\",\"m11f_ex_font_weight\":\"\",\"m11f_ex_font_transform\":\"\",\"m11f_ex_font_spacing\":\"\",\"m11f_ex_\":\"\",\"m11f_btn_font_title\":\"Article read more button\",\"m11f_btn_font_settings\":\"\",\"m11f_btn_font_family\":\"\",\"m11f_btn_font_size\":\"\",\"m11f_btn_font_line_height\":\"\",\"m11f_btn_font_style\":\"\",\"m11f_btn_font_weight\":\"\",\"m11f_btn_font_transform\":\"\",\"m11f_btn_font_spacing\":\"\",\"m11f_btn_\":\"\",\"ajax_pagination\":\"\",\"ajax_pagination_infinite_stop\":\"\",\"css\":\"\",\"tdc_css\":\"\",\"td_column_number\":3,\"header_color\":\"\",\"ajax_pagination_next_prev_swipe\":\"\",\"class\":\"tdi_8\",\"tdc_css_class\":\"tdi_8\",\"tdc_css_class_style\":\"tdi_8_rand_style\"}';\nblock_tdi_8.td_column_number = \"3\";\nblock_tdi_8.block_type = \"td_block_12\";\nblock_tdi_8.post_count = \"3\";\nblock_tdi_8.found_posts = \"3\";\nblock_tdi_8.header_color = \"\";\nblock_tdi_8.ajax_pagination_infinite_stop = \"\";\nblock_tdi_8.max_num_pages = \"1\";\ntdBlocksArray.push(block_tdi_8);\n<\/script><div id=tdi_8 class=\"td_block_inner td-column-3\">\n\n\t<div class=\"td-block-span12\">\n\r\n        <div class=\"td_module_11 td_module_wrap td-animation-stack td-meta-info-hide td-cpt-post\">\r\n            <div class=\"td-module-thumb\"><a href=\"https:\/\/sincomavi.org.br\/?p=596\"  rel=\"bookmark\" class=\"td-image-wrap \" title=\"Grupo ConstRHuir\" ><img loading=\"lazy\" decoding=\"async\" width=\"238\" height=\"178\" class=\"entry-thumb\" src=\"https:\/\/sincomavi.org.br\/wp-content\/uploads\/2019\/08\/CONSTRHUIR2-238x178.jpg\"  srcset=\"https:\/\/sincomavi.org.br\/wp-content\/uploads\/2019\/08\/CONSTRHUIR2-238x178.jpg 238w, https:\/\/sincomavi.org.br\/wp-content\/uploads\/2019\/08\/CONSTRHUIR2-80x60.jpg 80w, https:\/\/sincomavi.org.br\/wp-content\/uploads\/2019\/08\/CONSTRHUIR2-100x75.jpg 100w, https:\/\/sincomavi.org.br\/wp-content\/uploads\/2019\/08\/CONSTRHUIR2-180x135.jpg 180w, https:\/\/sincomavi.org.br\/wp-content\/uploads\/2019\/08\/CONSTRHUIR2-265x198.jpg 265w\" sizes=\"auto, (max-width: 238px) 100vw, 238px\"  alt=\"\" title=\"Grupo ConstRHuir\" \/><\/a><\/div>            \r\n            <div class=\"item-details\">\r\n\r\n                <h3 class=\"entry-title td-module-title\"><a href=\"https:\/\/sincomavi.org.br\/?p=596\"  rel=\"bookmark\" title=\"Grupo ConstRHuir\">Grupo ConstRHuir<\/a><\/h3>                <div class=\"meta-info\">\r\n                                                                                                                    <\/div>\r\n\r\n                <div class=\"td-excerpt\">\r\n                    \n\n\n\n\nEm outubro de 1995 foi criado, com o apoio do Sincomavi, o Grupo Informal de Profissionais de Recursos Humanos do Com\u00e9rcio de S\u00e3o Paulo...                <\/div>\r\n\r\n                <div class=\"td-read-more\">\r\n                    <a href=\"https:\/\/sincomavi.org.br\/?p=596\" >Leia mais<\/a>\r\n                <\/div>\r\n            <\/div>\r\n\r\n        <\/div>\r\n\r\n        \n\t<\/div> <!-- .\/td-block-span12 -->\n\n\t<div class=\"td-block-span12\">\n\r\n        <div class=\"td_module_11 td_module_wrap td-animation-stack td-meta-info-hide td-cpt-post\">\r\n            <div class=\"td-module-thumb\"><a href=\"https:\/\/sincomavi.org.br\/?p=592\"  rel=\"bookmark\" class=\"td-image-wrap \" title=\"GTBV &#8211; Grupo de Trabalho Boa Vista\" ><img loading=\"lazy\" decoding=\"async\" width=\"238\" height=\"178\" class=\"entry-thumb\" src=\"https:\/\/sincomavi.org.br\/wp-content\/uploads\/2019\/08\/2020gtbv-238x178.jpg\"  srcset=\"https:\/\/sincomavi.org.br\/wp-content\/uploads\/2019\/08\/2020gtbv-238x178.jpg 238w, https:\/\/sincomavi.org.br\/wp-content\/uploads\/2019\/08\/2020gtbv-80x60.jpg 80w, https:\/\/sincomavi.org.br\/wp-content\/uploads\/2019\/08\/2020gtbv-100x75.jpg 100w, https:\/\/sincomavi.org.br\/wp-content\/uploads\/2019\/08\/2020gtbv-180x135.jpg 180w, https:\/\/sincomavi.org.br\/wp-content\/uploads\/2019\/08\/2020gtbv-265x198.jpg 265w\" sizes=\"auto, (max-width: 238px) 100vw, 238px\"  alt=\"\" title=\"GTBV &#8211; Grupo de Trabalho Boa Vista\" \/><\/a><\/div>            \r\n            <div class=\"item-details\">\r\n\r\n                <h3 class=\"entry-title td-module-title\"><a href=\"https:\/\/sincomavi.org.br\/?p=592\"  rel=\"bookmark\" title=\"GTBV &#8211; Grupo de Trabalho Boa Vista\">GTBV &#8211; Grupo de Trabalho Boa Vista<\/a><\/h3>                <div class=\"meta-info\">\r\n                                                                                                                    <\/div>\r\n\r\n                <div class=\"td-excerpt\">\r\n                    \n\n\n\n\nFormado por empres\u00e1rios que atuam no varejo de material de constru\u00e7\u00e3o, o Grupo de Trabalho Boa Vista (GTBV) foi criado em 2012. A ideia...                <\/div>\r\n\r\n                <div class=\"td-read-more\">\r\n                    <a href=\"https:\/\/sincomavi.org.br\/?p=592\" >Leia mais<\/a>\r\n                <\/div>\r\n            <\/div>\r\n\r\n        <\/div>\r\n\r\n        \n\t<\/div> <!-- .\/td-block-span12 -->\n\n\t<div class=\"td-block-span12\">\n\r\n        <div class=\"td_module_11 td_module_wrap td-animation-stack td-meta-info-hide td-cpt-post\">\r\n            <div class=\"td-module-thumb\"><a href=\"https:\/\/sincomavi.org.br\/?p=589\"  rel=\"bookmark\" class=\"td-image-wrap \" title=\"Comit\u00ea sobre Fiscaliza\u00e7\u00e3o\" ><img loading=\"lazy\" decoding=\"async\" width=\"238\" height=\"178\" class=\"entry-thumb\" src=\"https:\/\/sincomavi.org.br\/wp-content\/uploads\/2019\/08\/comite-fiscalizao-238x178.png\"  srcset=\"https:\/\/sincomavi.org.br\/wp-content\/uploads\/2019\/08\/comite-fiscalizao-238x178.png 238w, https:\/\/sincomavi.org.br\/wp-content\/uploads\/2019\/08\/comite-fiscalizao-80x60.png 80w, https:\/\/sincomavi.org.br\/wp-content\/uploads\/2019\/08\/comite-fiscalizao-100x75.png 100w, https:\/\/sincomavi.org.br\/wp-content\/uploads\/2019\/08\/comite-fiscalizao-180x135.png 180w, https:\/\/sincomavi.org.br\/wp-content\/uploads\/2019\/08\/comite-fiscalizao-265x198.png 265w\" sizes=\"auto, (max-width: 238px) 100vw, 238px\"  alt=\"\" title=\"Comit\u00ea sobre Fiscaliza\u00e7\u00e3o\" \/><\/a><\/div>            \r\n            <div class=\"item-details\">\r\n\r\n                <h3 class=\"entry-title td-module-title\"><a href=\"https:\/\/sincomavi.org.br\/?p=589\"  rel=\"bookmark\" title=\"Comit\u00ea sobre Fiscaliza\u00e7\u00e3o\">Comit\u00ea sobre Fiscaliza\u00e7\u00e3o<\/a><\/h3>                <div class=\"meta-info\">\r\n                                                                                                                    <\/div>\r\n\r\n                <div class=\"td-excerpt\">\r\n                    \n\n\n\n\nFormado em maio de 2018, esse Grupo de Trabalho tem como meta aprimorar a divulga\u00e7\u00e3o de normas e leis que versem sobre as rela\u00e7\u00f5es...                <\/div>\r\n\r\n                <div class=\"td-read-more\">\r\n                    <a href=\"https:\/\/sincomavi.org.br\/?p=589\" >Leia mais<\/a>\r\n                <\/div>\r\n            <\/div>\r\n\r\n        <\/div>\r\n\r\n        \n\t<\/div> <!-- .\/td-block-span12 --><\/div><\/div> <!-- .\/block --><\/div><\/div><\/div><\/div><\/div><\/div>","protected":false},"excerpt":{"rendered":"O Sincomavi sempre teve uma atua\u00e7\u00e3o pioneira na cria\u00e7\u00e3o de projetos inovadores, como Encontro Empresarial, redes associativistas, clubes de compra e a\u00e7\u00f5es especiais no ponto de venda. Os grupos de trabalho e comit\u00eas especiais seguem nessa mesma dire\u00e7\u00e3o e buscam fomentar a troca de experi\u00eancias e conhecimento, unindo empres\u00e1rios e profissionais de \u00e1reas espec\u00edficas, promovendo [...]","protected":false},"author":1,"featured_media":0,"parent":0,"menu_order":0,"comment_status":"closed","ping_status":"closed","template":"","meta":{"tdm_status":"","tdm_grid_status":"","footnotes":""},"class_list":["post-585","page","type-page","status-publish","hentry"],"amp_enabled":true,"_links":{"self":[{"href":"https:\/\/sincomavi.org.br\/index.php?rest_route=\/wp\/v2\/pages\/585","targetHints":{"allow":["GET"]}}],"collection":[{"href":"https:\/\/sincomavi.org.br\/index.php?rest_route=\/wp\/v2\/pages"}],"about":[{"href":"https:\/\/sincomavi.org.br\/index.php?rest_route=\/wp\/v2\/types\/page"}],"author":[{"embeddable":true,"href":"https:\/\/sincomavi.org.br\/index.php?rest_route=\/wp\/v2\/users\/1"}],"replies":[{"embeddable":true,"href":"https:\/\/sincomavi.org.br\/index.php?rest_route=%2Fwp%2Fv2%2Fcomments&post=585"}],"version-history":[{"count":7,"href":"https:\/\/sincomavi.org.br\/index.php?rest_route=\/wp\/v2\/pages\/585\/revisions"}],"predecessor-version":[{"id":1195,"href":"https:\/\/sincomavi.org.br\/index.php?rest_route=\/wp\/v2\/pages\/585\/revisions\/1195"}],"wp:attachment":[{"href":"https:\/\/sincomavi.org.br\/index.php?rest_route=%2Fwp%2Fv2%2Fmedia&parent=585"}],"curies":[{"name":"wp","href":"https:\/\/api.w.org\/{rel}","templated":true}]}}