{"id":558,"date":"2019-08-14T14:58:06","date_gmt":"2019-08-14T17:58:06","guid":{"rendered":"http:\/\/sincomavi.org.br\/?page_id=558"},"modified":"2024-04-26T16:40:01","modified_gmt":"2024-04-26T19:40:01","slug":"requerimentos-e-declaracoes","status":"publish","type":"page","link":"https:\/\/sincomavi.org.br\/?page_id=558","title":{"rendered":"Requerimentos e Declara\u00e7\u00f5es"},"content":{"rendered":"<div id=\"tdi_1\" class=\"tdc-zone\"><div class=\"tdc_zone tdi_2 \"  >\n<style scoped>\n\/* custom css - generated by TagDiv Composer *\/\n\n\/* custom css - generated by TagDiv Composer *\/\n\/* custom css - generated by TagDiv Composer *\/\n.tdi_2{\r\n                    min-height: 0;\r\n                }\n<\/style><div id=\"tdi_3\" class=\"tdc-row\"><div class=\"vc_row tdi_4  wpb_row td-pb-row\" >\n<style scoped>\n\/* custom css - generated by TagDiv Composer *\/\n\n\/* custom css - generated by TagDiv Composer *\/\n\/* custom css - generated by TagDiv Composer *\/\n.tdi_4,\r\n                .tdi_4 .tdc-columns{\r\n                    min-height: 0;\r\n                }\n<\/style><div class=\"vc_column tdi_6  wpb_column vc_column_container tdc-column td-pb-span12\">\n<style scoped>\n\/* custom css - generated by TagDiv Composer *\/\n\n\/* custom css - generated by TagDiv Composer *\/\n\/* custom css - generated by TagDiv Composer *\/\n.tdi_6{\r\n                    vertical-align: baseline;\r\n                }\n<\/style><div class=\"wpb_wrapper\" ><div class=\"td_block_wrap td_block_text_with_title tdi_7 td-pb-border-top td_block_template_1\"  data-td-block-uid=\"tdi_7\" >\n<style>\n\/* custom css - generated by TagDiv Composer *\/\n\/* custom css - generated by TagDiv Composer *\/\n\n<\/style><div class=\"td_mod_wrap td-pb-padding-side td-fix-index\"><h2><strong>Aten\u00e7\u00e3o<\/strong><\/h2>\n<p>Essa se\u00e7\u00e3o conta com os modelos de documentos de requerimentos para a obten\u00e7\u00e3o de benef\u00edcios aos associados ao Sincomavi.<\/p>\n<h2><span style=\"background-color: #ffff00;\">\u00a0PROCESSO\u00a0<\/span><\/h2>\n<p>1. Fa\u00e7a o download do arquivo desejado dispon\u00edvel na rela\u00e7\u00e3o de links abaixo.<\/p>\n<p>2. Preencha todos os dados solicitados.<\/p>\n<p>3. N\u00e3o esque\u00e7a do reconhecimento de firma ou assinatura digital.<\/p>\n<p>4. Envie toda a documenta\u00e7\u00e3o digitalizada para\u00a0<a id=\"m_7240612844948980769OWA670ecdcd-934f-dcc3-b088-2b5a2b5121cb\" href=\"mailto:sincomavi@sincomavi.org.br\" target=\"_blank\" rel=\"noopener\">sincomavi@sincomavi.org.br<\/a>.<\/p>\n<p>5. Aguarde retorno da solicita\u00e7\u00e3o por e-mail ou telefone<\/p>\n<div>\u00a0<\/div>\n<p>Estando tudo em ordem, ser\u00e1 enviado por e-mail o documento digital, com autentica\u00e7\u00e3o via QR Code, que atende todas as exig\u00eancias legais e convencionais.<\/p>\n<h4><strong>Em caso de d\u00favidas, entre em contato pelo telefone (11) 3488-8200 | sincomavi@sincomavi.org.br.<\/strong><\/h4>\n<\/div><\/div><div class=\"wpb_wrapper td_block_empty_space td_block_wrap vc_empty_space tdi_9 \"  style=\"height: 32px\"><\/div><div class=\"td_block_wrap td_block_11 tdi_10 td-pb-border-top td_block_template_1\"  data-td-block-uid=\"tdi_10\" >\n<style>\n\/* custom css - generated by TagDiv Composer *\/\n.tdi_10 .td_module_wrap:hover .entry-title a,\r\n            .tdi_10 .td-load-more-wrap a:hover,\r\n        \t.tdi_10 .td_quote_on_blocks,\r\n        \t.tdi_10 .td-wrapper-pulldown-filter .td-pulldown-filter-display-option:hover,\r\n        \t.tdi_10 .td-wrapper-pulldown-filter a.td-pulldown-filter-link:hover,\r\n        \t.tdi_10 .td-instagram-user a {\r\n                color: #bc1414;\r\n            }\r\n\r\n            .tdi_10 .td-next-prev-wrap a:hover i {\r\n                background-color: #bc1414;\r\n                border-color: #bc1414;\r\n            }\r\n\r\n            .tdi_10 .td_module_wrap .td-post-category:hover,\r\n\t\t\t.tdi_10 .td-trending-now-title,\r\n            .tdi_10 .block-title span,\r\n            .tdi_10 .td-weather-information:before,\r\n            .tdi_10 .td-weather-week:before,\r\n            .tdi_10 .td-exchange-header:before,\r\n            .tdi_10 .block-title a {\r\n                background-color: #bc1414;\r\n            }\n\/* inline tdc_css att - generated by TagDiv Composer *\/\n\n.tdi_10{\nposition:relative;\n}\n\n<\/style>\n<style>\n\/* custom css - generated by TagDiv Composer *\/\n\/* custom css - generated by TagDiv Composer *\/\n.tdi_10 .td-post-vid-time{\r\n\t\t\t\t\tdisplay: block;\r\n\t\t\t\t}\n<\/style>\n<div class=\"tdi_10_rand_style td-element-style\">\n<div class=\"td-element-style-before\"><style>\n.tdi_10_rand_style > .td-element-style-before {\ncontent:'' !important;\nwidth:100% !important;\nheight:100% !important;\nposition:absolute !important;\ntop:0 !important;\nleft:0 !important;\ndisplay:block !important;\nz-index:0 !important;\nbackground-position:left top !important;\nbackground-size:cover !important;\n}\n<\/style><\/div><style> <\/style><\/div><script>var block_tdi_10 = new tdBlock();\nblock_tdi_10.id = \"tdi_10\";\nblock_tdi_10.atts = '{\"category_id\":\"140\",\"limit\":\"10\",\"header_color\":\"#bc1414\",\"custom_title\":\"FA\\u00c7A O DOWNLOAD\",\"tdc_css\":\"eyJhbGwiOnsiYmFja2dyb3VuZC1wb3NpdGlvbiI6ImxlZnQgdG9wIiwiZGlzcGxheSI6IiJ9fQ==\",\"sort\":\"oldest_posts\",\"block_type\":\"td_block_11\",\"separator\":\"\",\"custom_url\":\"\",\"title_tag\":\"\",\"block_template_id\":\"\",\"border_top\":\"\",\"color_preset\":\"\",\"m10_tl\":\"\",\"m10_title_tag\":\"\",\"m10_el\":\"\",\"post_ids\":\"\",\"category_ids\":\"\",\"tag_slug\":\"\",\"autors_id\":\"\",\"installed_post_types\":\"\",\"offset\":\"\",\"open_in_new_window\":\"\",\"show_modified_date\":\"\",\"video_popup\":\"\",\"video_rec\":\"\",\"video_rec_title\":\"\",\"show_vid_t\":\"block\",\"el_class\":\"\",\"td_ajax_filter_type\":\"\",\"td_ajax_filter_ids\":\"\",\"td_filter_default_txt\":\"All\",\"td_ajax_preloading\":\"\",\"f_header_font_header\":\"\",\"f_header_font_title\":\"Block header\",\"f_header_font_settings\":\"\",\"f_header_font_family\":\"\",\"f_header_font_size\":\"\",\"f_header_font_line_height\":\"\",\"f_header_font_style\":\"\",\"f_header_font_weight\":\"\",\"f_header_font_transform\":\"\",\"f_header_font_spacing\":\"\",\"f_header_\":\"\",\"f_ajax_font_title\":\"Ajax categories\",\"f_ajax_font_settings\":\"\",\"f_ajax_font_family\":\"\",\"f_ajax_font_size\":\"\",\"f_ajax_font_line_height\":\"\",\"f_ajax_font_style\":\"\",\"f_ajax_font_weight\":\"\",\"f_ajax_font_transform\":\"\",\"f_ajax_font_spacing\":\"\",\"f_ajax_\":\"\",\"f_more_font_title\":\"Load more button\",\"f_more_font_settings\":\"\",\"f_more_font_family\":\"\",\"f_more_font_size\":\"\",\"f_more_font_line_height\":\"\",\"f_more_font_style\":\"\",\"f_more_font_weight\":\"\",\"f_more_font_transform\":\"\",\"f_more_font_spacing\":\"\",\"f_more_\":\"\",\"m10f_title_font_header\":\"\",\"m10f_title_font_title\":\"Article title\",\"m10f_title_font_settings\":\"\",\"m10f_title_font_family\":\"\",\"m10f_title_font_size\":\"\",\"m10f_title_font_line_height\":\"\",\"m10f_title_font_style\":\"\",\"m10f_title_font_weight\":\"\",\"m10f_title_font_transform\":\"\",\"m10f_title_font_spacing\":\"\",\"m10f_title_\":\"\",\"m10f_cat_font_title\":\"Article category tag\",\"m10f_cat_font_settings\":\"\",\"m10f_cat_font_family\":\"\",\"m10f_cat_font_size\":\"\",\"m10f_cat_font_line_height\":\"\",\"m10f_cat_font_style\":\"\",\"m10f_cat_font_weight\":\"\",\"m10f_cat_font_transform\":\"\",\"m10f_cat_font_spacing\":\"\",\"m10f_cat_\":\"\",\"m10f_meta_font_title\":\"Article meta info\",\"m10f_meta_font_settings\":\"\",\"m10f_meta_font_family\":\"\",\"m10f_meta_font_size\":\"\",\"m10f_meta_font_line_height\":\"\",\"m10f_meta_font_style\":\"\",\"m10f_meta_font_weight\":\"\",\"m10f_meta_font_transform\":\"\",\"m10f_meta_font_spacing\":\"\",\"m10f_meta_\":\"\",\"m10f_ex_font_title\":\"Article excerpt\",\"m10f_ex_font_settings\":\"\",\"m10f_ex_font_family\":\"\",\"m10f_ex_font_size\":\"\",\"m10f_ex_font_line_height\":\"\",\"m10f_ex_font_style\":\"\",\"m10f_ex_font_weight\":\"\",\"m10f_ex_font_transform\":\"\",\"m10f_ex_font_spacing\":\"\",\"m10f_ex_\":\"\",\"ajax_pagination\":\"\",\"ajax_pagination_infinite_stop\":\"\",\"css\":\"\",\"td_column_number\":3,\"ajax_pagination_next_prev_swipe\":\"\",\"class\":\"tdi_10\",\"tdc_css_class\":\"tdi_10\",\"tdc_css_class_style\":\"tdi_10_rand_style\"}';\nblock_tdi_10.td_column_number = \"3\";\nblock_tdi_10.block_type = \"td_block_11\";\nblock_tdi_10.post_count = \"6\";\nblock_tdi_10.found_posts = \"6\";\nblock_tdi_10.header_color = \"#bc1414\";\nblock_tdi_10.ajax_pagination_infinite_stop = \"\";\nblock_tdi_10.max_num_pages = \"1\";\ntdBlocksArray.push(block_tdi_10);\n<\/script><h4 class=\"block-title\"><span class=\"td-pulldown-size\">FA\u00c7A O DOWNLOAD<\/span><\/h4><div id=tdi_10 class=\"td_block_inner td-column-3\">\n\n\t<div class=\"td-block-span12\">\n\r\n        <div class=\"td_module_10 td_module_wrap td-animation-stack td-meta-info-hide td-cpt-post\">\r\n            <div class=\"td-module-thumb\"><a href=\"https:\/\/sincomavi.org.br\/?p=571\"  rel=\"bookmark\" class=\"td-image-wrap \" title=\"Solicita\u00e7\u00e3o para Enquadramento no RDS &#8211; Regime Diferencial de Sal\u00e1rios\" ><img loading=\"lazy\" decoding=\"async\" width=\"180\" height=\"135\" class=\"entry-thumb\" src=\"https:\/\/sincomavi.org.br\/wp-content\/uploads\/2019\/08\/28091-180x135.jpg\"  srcset=\"https:\/\/sincomavi.org.br\/wp-content\/uploads\/2019\/08\/28091-180x135.jpg 180w, https:\/\/sincomavi.org.br\/wp-content\/uploads\/2019\/08\/28091-80x60.jpg 80w, https:\/\/sincomavi.org.br\/wp-content\/uploads\/2019\/08\/28091-100x75.jpg 100w, https:\/\/sincomavi.org.br\/wp-content\/uploads\/2019\/08\/28091-238x178.jpg 238w\" sizes=\"auto, (max-width: 180px) 100vw, 180px\"  alt=\"\" title=\"Solicita\u00e7\u00e3o para Enquadramento no RDS &#8211; Regime Diferencial de Sal\u00e1rios\" \/><\/a><\/div>            \r\n            <div class=\"item-details\">\r\n\r\n            <h3 class=\"entry-title td-module-title\"><a href=\"https:\/\/sincomavi.org.br\/?p=571\"  rel=\"bookmark\" title=\"Solicita\u00e7\u00e3o para Enquadramento no RDS &#8211; Regime Diferencial de Sal\u00e1rios\">Solicita\u00e7\u00e3o para Enquadramento no RDS &#8211; Regime Diferencial de Sal\u00e1rios<\/a><\/h3>                <div class=\"meta-info\">\r\n                                                                                                                    <\/div>\r\n\r\n                <div class=\"td-excerpt\">\r\n                    \n\n\n\n\n\n\n\n\nAten\u00e7\u00e3o: arquivo atualizado em 14 de abril de 2024.\n\n\n\nDOWNLOAD\n\n\n\n\n\n\n\n\n                <\/div>\r\n            <\/div>\r\n\r\n        <\/div>\r\n\r\n        \n\t<\/div> <!-- .\/td-block-span12 -->\n\n\t<div class=\"td-block-span12\">\n\r\n        <div class=\"td_module_10 td_module_wrap td-animation-stack td-meta-info-hide td-cpt-post\">\r\n            <div class=\"td-module-thumb\"><a href=\"https:\/\/sincomavi.org.br\/?p=562\"  rel=\"bookmark\" class=\"td-image-wrap \" title=\"Requerimento para o trabalho aos Domingos e Feriados\" ><img loading=\"lazy\" decoding=\"async\" width=\"180\" height=\"135\" class=\"entry-thumb\" src=\"https:\/\/sincomavi.org.br\/wp-content\/uploads\/2019\/08\/2387-180x135.jpg\"  srcset=\"https:\/\/sincomavi.org.br\/wp-content\/uploads\/2019\/08\/2387-180x135.jpg 180w, https:\/\/sincomavi.org.br\/wp-content\/uploads\/2019\/08\/2387-80x60.jpg 80w, https:\/\/sincomavi.org.br\/wp-content\/uploads\/2019\/08\/2387-100x75.jpg 100w, https:\/\/sincomavi.org.br\/wp-content\/uploads\/2019\/08\/2387-238x178.jpg 238w\" sizes=\"auto, (max-width: 180px) 100vw, 180px\"  alt=\"\" title=\"Requerimento para o trabalho aos Domingos e Feriados\" \/><\/a><\/div>            \r\n            <div class=\"item-details\">\r\n\r\n            <h3 class=\"entry-title td-module-title\"><a href=\"https:\/\/sincomavi.org.br\/?p=562\"  rel=\"bookmark\" title=\"Requerimento para o trabalho aos Domingos e Feriados\">Requerimento para o trabalho aos Domingos e Feriados<\/a><\/h3>                <div class=\"meta-info\">\r\n                                                                                                                    <\/div>\r\n\r\n                <div class=\"td-excerpt\">\r\n                    \n\n\n\n\nImportante ressaltar que o requerimento deve ser solicitado anualmente (renova\u00e7\u00e3o obrigat\u00f3ria).\n\n\n\n\n\n\n\nCLIQUE AQUI\n\n\n\nAten\u00e7\u00e3o: arquivo atualizado em 05 de novembro de 2024.\n\n\n\n\n                <\/div>\r\n            <\/div>\r\n\r\n        <\/div>\r\n\r\n        \n\t<\/div> <!-- .\/td-block-span12 -->\n\n\t<div class=\"td-block-span12\">\n\r\n        <div class=\"td_module_10 td_module_wrap td-animation-stack td-meta-info-hide td-cpt-post\">\r\n            <div class=\"td-module-thumb\"><a href=\"https:\/\/sincomavi.org.br\/?p=579\"  rel=\"bookmark\" class=\"td-image-wrap \" title=\"Solicita\u00e7\u00e3o para Celebra\u00e7\u00e3o de Acordo Coletivo de Trabalho Intermitente\" ><img loading=\"lazy\" decoding=\"async\" width=\"180\" height=\"135\" class=\"entry-thumb\" src=\"https:\/\/sincomavi.org.br\/wp-content\/uploads\/2019\/08\/15185-180x135.jpg\"  srcset=\"https:\/\/sincomavi.org.br\/wp-content\/uploads\/2019\/08\/15185-180x135.jpg 180w, https:\/\/sincomavi.org.br\/wp-content\/uploads\/2019\/08\/15185-80x60.jpg 80w, https:\/\/sincomavi.org.br\/wp-content\/uploads\/2019\/08\/15185-100x75.jpg 100w, https:\/\/sincomavi.org.br\/wp-content\/uploads\/2019\/08\/15185-238x178.jpg 238w\" sizes=\"auto, (max-width: 180px) 100vw, 180px\"  alt=\"\" title=\"Solicita\u00e7\u00e3o para Celebra\u00e7\u00e3o de Acordo Coletivo de Trabalho Intermitente\" \/><\/a><\/div>            \r\n            <div class=\"item-details\">\r\n\r\n            <h3 class=\"entry-title td-module-title\"><a href=\"https:\/\/sincomavi.org.br\/?p=579\"  rel=\"bookmark\" title=\"Solicita\u00e7\u00e3o para Celebra\u00e7\u00e3o de Acordo Coletivo de Trabalho Intermitente\">Solicita\u00e7\u00e3o para Celebra\u00e7\u00e3o de Acordo Coletivo de Trabalho Intermitente<\/a><\/h3>                <div class=\"meta-info\">\r\n                                                                                                                    <\/div>\r\n\r\n                <div class=\"td-excerpt\">\r\n                    \n\n\n\n\nAten\u00e7\u00e3o: arquivo atualizado em 15 de abril de 2024.\n\n\n\n\n\n\n\nDOWNLOAD\n\n\n\n\n                <\/div>\r\n            <\/div>\r\n\r\n        <\/div>\r\n\r\n        \n\t<\/div> <!-- .\/td-block-span12 -->\n\n\t<div class=\"td-block-span12\">\n\r\n        <div class=\"td_module_10 td_module_wrap td-animation-stack td-meta-info-hide td-cpt-post\">\r\n            <div class=\"td-module-thumb\"><a href=\"https:\/\/sincomavi.org.br\/?p=582\"  rel=\"bookmark\" class=\"td-image-wrap \" title=\"Solicita\u00e7\u00e3o para Ades\u00e3o ao Regime Especial de Jornada de Trabalho\" ><img loading=\"lazy\" decoding=\"async\" width=\"180\" height=\"135\" class=\"entry-thumb\" src=\"https:\/\/sincomavi.org.br\/wp-content\/uploads\/2019\/08\/18771-180x135.jpg\"  srcset=\"https:\/\/sincomavi.org.br\/wp-content\/uploads\/2019\/08\/18771-180x135.jpg 180w, https:\/\/sincomavi.org.br\/wp-content\/uploads\/2019\/08\/18771-80x60.jpg 80w, https:\/\/sincomavi.org.br\/wp-content\/uploads\/2019\/08\/18771-100x75.jpg 100w, https:\/\/sincomavi.org.br\/wp-content\/uploads\/2019\/08\/18771-238x178.jpg 238w\" sizes=\"auto, (max-width: 180px) 100vw, 180px\"  alt=\"\" title=\"Solicita\u00e7\u00e3o para Ades\u00e3o ao Regime Especial de Jornada de Trabalho\" \/><\/a><\/div>            \r\n            <div class=\"item-details\">\r\n\r\n            <h3 class=\"entry-title td-module-title\"><a href=\"https:\/\/sincomavi.org.br\/?p=582\"  rel=\"bookmark\" title=\"Solicita\u00e7\u00e3o para Ades\u00e3o ao Regime Especial de Jornada de Trabalho\">Solicita\u00e7\u00e3o para Ades\u00e3o ao Regime Especial de Jornada de Trabalho<\/a><\/h3>                <div class=\"meta-info\">\r\n                                                                                                                    <\/div>\r\n\r\n                <div class=\"td-excerpt\">\r\n                    \n\n\n\n\nAten\u00e7\u00e3o: arquivo atualizado em 15 de abril de 2024.\n\n\n\n\n\n\n\nDOWNLOAD\n\n\n\n\n                <\/div>\r\n            <\/div>\r\n\r\n        <\/div>\r\n\r\n        \n\t<\/div> <!-- .\/td-block-span12 -->\n\n\t<div class=\"td-block-span12\">\n\r\n        <div class=\"td_module_10 td_module_wrap td-animation-stack td-meta-info-hide td-cpt-post\">\r\n            <div class=\"td-module-thumb\"><a href=\"https:\/\/sincomavi.org.br\/?p=4104\"  rel=\"bookmark\" class=\"td-image-wrap \" title=\"Solicita\u00e7\u00e3o para Acordo Coletivo de Trabalho\" ><img loading=\"lazy\" decoding=\"async\" width=\"180\" height=\"135\" class=\"entry-thumb\" src=\"https:\/\/sincomavi.org.br\/wp-content\/uploads\/2020\/07\/1_confirming-deal-BEX8ZXK-180x135.jpg\"  srcset=\"https:\/\/sincomavi.org.br\/wp-content\/uploads\/2020\/07\/1_confirming-deal-BEX8ZXK-180x135.jpg 180w, https:\/\/sincomavi.org.br\/wp-content\/uploads\/2020\/07\/1_confirming-deal-BEX8ZXK-80x60.jpg 80w, https:\/\/sincomavi.org.br\/wp-content\/uploads\/2020\/07\/1_confirming-deal-BEX8ZXK-100x75.jpg 100w, https:\/\/sincomavi.org.br\/wp-content\/uploads\/2020\/07\/1_confirming-deal-BEX8ZXK-238x178.jpg 238w, https:\/\/sincomavi.org.br\/wp-content\/uploads\/2020\/07\/1_confirming-deal-BEX8ZXK-265x198.jpg 265w\" sizes=\"auto, (max-width: 180px) 100vw, 180px\"  alt=\"\" title=\"Solicita\u00e7\u00e3o para Acordo Coletivo de Trabalho\" \/><\/a><\/div>            \r\n            <div class=\"item-details\">\r\n\r\n            <h3 class=\"entry-title td-module-title\"><a href=\"https:\/\/sincomavi.org.br\/?p=4104\"  rel=\"bookmark\" title=\"Solicita\u00e7\u00e3o para Acordo Coletivo de Trabalho\">Solicita\u00e7\u00e3o para Acordo Coletivo de Trabalho<\/a><\/h3>                <div class=\"meta-info\">\r\n                                                                                                                    <\/div>\r\n\r\n                <div class=\"td-excerpt\">\r\n                    \n\n\n\n\nAten\u00e7\u00e3o: arquivo atualizado em 15 de abril de 2024.\n\n\n\n\n\n\n\n\n\n\n\n\n                <\/div>\r\n            <\/div>\r\n\r\n        <\/div>\r\n\r\n        \n\t<\/div> <!-- .\/td-block-span12 -->\n\n\t<div class=\"td-block-span12\">\n\r\n        <div class=\"td_module_10 td_module_wrap td-animation-stack td-meta-info-hide td-cpt-post\">\r\n            <div class=\"td-module-thumb\"><a href=\"https:\/\/sincomavi.org.br\/?p=567\"  rel=\"bookmark\" class=\"td-image-wrap \" title=\"Declara\u00e7\u00e3o para isen\u00e7\u00e3o de publica\u00e7\u00e3o do Balan\u00e7o Anual de Demonstra\u00e7\u00f5es Financeiras\" ><img loading=\"lazy\" decoding=\"async\" width=\"180\" height=\"135\" class=\"entry-thumb\" src=\"https:\/\/sincomavi.org.br\/wp-content\/uploads\/2019\/08\/89052-180x135.jpg\"  srcset=\"https:\/\/sincomavi.org.br\/wp-content\/uploads\/2019\/08\/89052-180x135.jpg 180w, https:\/\/sincomavi.org.br\/wp-content\/uploads\/2019\/08\/89052-80x60.jpg 80w, https:\/\/sincomavi.org.br\/wp-content\/uploads\/2019\/08\/89052-100x75.jpg 100w, https:\/\/sincomavi.org.br\/wp-content\/uploads\/2019\/08\/89052-238x178.jpg 238w\" sizes=\"auto, (max-width: 180px) 100vw, 180px\"  alt=\"\" title=\"Declara\u00e7\u00e3o para isen\u00e7\u00e3o de publica\u00e7\u00e3o do Balan\u00e7o Anual de Demonstra\u00e7\u00f5es Financeiras\" \/><\/a><\/div>            \r\n            <div class=\"item-details\">\r\n\r\n            <h3 class=\"entry-title td-module-title\"><a href=\"https:\/\/sincomavi.org.br\/?p=567\"  rel=\"bookmark\" title=\"Declara\u00e7\u00e3o para isen\u00e7\u00e3o de publica\u00e7\u00e3o do Balan\u00e7o Anual de Demonstra\u00e7\u00f5es Financeiras\">Declara\u00e7\u00e3o para isen\u00e7\u00e3o de publica\u00e7\u00e3o do Balan\u00e7o Anual de Demonstra\u00e7\u00f5es Financeiras<\/a><\/h3>                <div class=\"meta-info\">\r\n                                                                                                                    <\/div>\r\n\r\n                <div class=\"td-excerpt\">\r\n                    \nDecis\u00e3o da 1\u00aa Turma do Tribunal Regional Federal da 3\u00aa Regi\u00e3o (TRF3) de S\u00e3o Paulo desobriga empresas de grande porte, que sejam representadas pelo...                <\/div>\r\n            <\/div>\r\n\r\n        <\/div>\r\n\r\n        \n\t<\/div> <!-- .\/td-block-span12 --><\/div><\/div> <!-- .\/block --><\/div><\/div><\/div><\/div><\/div><\/div>","protected":false},"excerpt":{"rendered":"Aten\u00e7\u00e3o Essa se\u00e7\u00e3o conta com os modelos de documentos de requerimentos para a obten\u00e7\u00e3o de benef\u00edcios aos associados ao Sincomavi. \u00a0PROCESSO\u00a0 1. Fa\u00e7a o download do arquivo desejado dispon\u00edvel na rela\u00e7\u00e3o de links abaixo. 2. Preencha todos os dados solicitados. 3. N\u00e3o esque\u00e7a do reconhecimento de firma ou assinatura digital. 4. Envie toda a documenta\u00e7\u00e3o [...]","protected":false},"author":1,"featured_media":0,"parent":0,"menu_order":0,"comment_status":"closed","ping_status":"closed","template":"","meta":{"tdm_status":"","tdm_grid_status":"","footnotes":""},"class_list":["post-558","page","type-page","status-publish","hentry"],"amp_enabled":true,"_links":{"self":[{"href":"https:\/\/sincomavi.org.br\/index.php?rest_route=\/wp\/v2\/pages\/558","targetHints":{"allow":["GET"]}}],"collection":[{"href":"https:\/\/sincomavi.org.br\/index.php?rest_route=\/wp\/v2\/pages"}],"about":[{"href":"https:\/\/sincomavi.org.br\/index.php?rest_route=\/wp\/v2\/types\/page"}],"author":[{"embeddable":true,"href":"https:\/\/sincomavi.org.br\/index.php?rest_route=\/wp\/v2\/users\/1"}],"replies":[{"embeddable":true,"href":"https:\/\/sincomavi.org.br\/index.php?rest_route=%2Fwp%2Fv2%2Fcomments&post=558"}],"version-history":[{"count":22,"href":"https:\/\/sincomavi.org.br\/index.php?rest_route=\/wp\/v2\/pages\/558\/revisions"}],"predecessor-version":[{"id":11641,"href":"https:\/\/sincomavi.org.br\/index.php?rest_route=\/wp\/v2\/pages\/558\/revisions\/11641"}],"wp:attachment":[{"href":"https:\/\/sincomavi.org.br\/index.php?rest_route=%2Fwp%2Fv2%2Fmedia&parent=558"}],"curies":[{"name":"wp","href":"https:\/\/api.w.org\/{rel}","templated":true}]}}