{"id":187,"date":"2019-08-13T15:57:40","date_gmt":"2019-08-13T18:57:40","guid":{"rendered":"http:\/\/sincomavi.org.br\/?page_id=187"},"modified":"2023-09-22T14:05:10","modified_gmt":"2023-09-22T17:05:10","slug":"convencoes-coletivas-de-trabalho","status":"publish","type":"page","link":"https:\/\/sincomavi.org.br\/?page_id=187","title":{"rendered":"Conven\u00e7\u00f5es Coletivas de Trabalho"},"content":{"rendered":"<div id=\"tdi_1\" class=\"tdc-zone\"><div class=\"tdc_zone tdi_2 \"  >\n<style scoped>\n\/* custom css - generated by TagDiv Composer *\/\n\n\/* custom css - generated by TagDiv Composer *\/\n\/* custom css - generated by TagDiv Composer *\/\n.tdi_2{\r\n                    min-height: 0;\r\n                }\n<\/style><div id=\"tdi_3\" class=\"tdc-row\"><div class=\"vc_row tdi_4  wpb_row td-pb-row\" >\n<style scoped>\n\/* custom css - generated by TagDiv Composer *\/\n\n\/* custom css - generated by TagDiv Composer *\/\n\/* custom css - generated by TagDiv Composer *\/\n.tdi_4,\r\n                .tdi_4 .tdc-columns{\r\n                    min-height: 0;\r\n                }\n<\/style><div class=\"vc_column tdi_6  wpb_column vc_column_container tdc-column td-pb-span12\">\n<style scoped>\n\/* custom css - generated by TagDiv Composer *\/\n\n\/* custom css - generated by TagDiv Composer *\/\n\/* custom css - generated by TagDiv Composer *\/\n.tdi_6{\r\n                    vertical-align: baseline;\r\n                }\n<\/style><div class=\"wpb_wrapper\" ><div class=\"td_block_wrap td_block_text_with_title tdi_7 td-pb-border-top td_block_template_1\"  data-td-block-uid=\"tdi_7\" >\n<style>\n\/* custom css - generated by TagDiv Composer *\/\n\/* custom css - generated by TagDiv Composer *\/\n\n<\/style><div class=\"td_mod_wrap td-pb-padding-side td-fix-index\"><h2><strong>Importante<\/strong><\/h2>\n<p>Para outros per\u00edodos entre em contato com o Sincomavi pelo telefone (11) 3488-8200 ou sincomavi@sincomavi.org.br.<\/p>\n<\/div><\/div><div class=\"td_block_wrap td_block_1 tdi_8 td-pb-border-top td_block_template_1\"  data-td-block-uid=\"tdi_8\" >\n<style>\n\/* custom css - generated by TagDiv Composer *\/\n\/* custom css - generated by TagDiv Composer *\/\n.tdi_8 .td-post-vid-time{\r\n\t\t\t\t\tdisplay: block;\r\n\t\t\t\t}\n<\/style><script>var block_tdi_8 = new tdBlock();\nblock_tdi_8.id = \"tdi_8\";\nblock_tdi_8.atts = '{\"category_id\":\"26\",\"limit\":\"10\",\"block_type\":\"td_block_1\",\"separator\":\"\",\"custom_title\":\"\",\"custom_url\":\"\",\"title_tag\":\"\",\"block_template_id\":\"\",\"border_top\":\"\",\"color_preset\":\"\",\"m4_tl\":\"\",\"m4_title_tag\":\"\",\"m4_el\":\"\",\"m6_tl\":\"\",\"m6_title_tag\":\"\",\"post_ids\":\"\",\"category_ids\":\"\",\"tag_slug\":\"\",\"autors_id\":\"\",\"installed_post_types\":\"\",\"sort\":\"\",\"offset\":\"\",\"open_in_new_window\":\"\",\"show_modified_date\":\"\",\"video_popup\":\"\",\"video_rec\":\"\",\"video_rec_title\":\"\",\"show_vid_t\":\"block\",\"el_class\":\"\",\"td_ajax_filter_type\":\"\",\"td_ajax_filter_ids\":\"\",\"td_filter_default_txt\":\"All\",\"td_ajax_preloading\":\"\",\"f_header_font_header\":\"\",\"f_header_font_title\":\"Block header\",\"f_header_font_settings\":\"\",\"f_header_font_family\":\"\",\"f_header_font_size\":\"\",\"f_header_font_line_height\":\"\",\"f_header_font_style\":\"\",\"f_header_font_weight\":\"\",\"f_header_font_transform\":\"\",\"f_header_font_spacing\":\"\",\"f_header_\":\"\",\"f_ajax_font_title\":\"Ajax categories\",\"f_ajax_font_settings\":\"\",\"f_ajax_font_family\":\"\",\"f_ajax_font_size\":\"\",\"f_ajax_font_line_height\":\"\",\"f_ajax_font_style\":\"\",\"f_ajax_font_weight\":\"\",\"f_ajax_font_transform\":\"\",\"f_ajax_font_spacing\":\"\",\"f_ajax_\":\"\",\"f_more_font_title\":\"Load more button\",\"f_more_font_settings\":\"\",\"f_more_font_family\":\"\",\"f_more_font_size\":\"\",\"f_more_font_line_height\":\"\",\"f_more_font_style\":\"\",\"f_more_font_weight\":\"\",\"f_more_font_transform\":\"\",\"f_more_font_spacing\":\"\",\"f_more_\":\"\",\"m4f_title_font_header\":\"\",\"m4f_title_font_title\":\"Article title\",\"m4f_title_font_settings\":\"\",\"m4f_title_font_family\":\"\",\"m4f_title_font_size\":\"\",\"m4f_title_font_line_height\":\"\",\"m4f_title_font_style\":\"\",\"m4f_title_font_weight\":\"\",\"m4f_title_font_transform\":\"\",\"m4f_title_font_spacing\":\"\",\"m4f_title_\":\"\",\"m4f_cat_font_title\":\"Article category tag\",\"m4f_cat_font_settings\":\"\",\"m4f_cat_font_family\":\"\",\"m4f_cat_font_size\":\"\",\"m4f_cat_font_line_height\":\"\",\"m4f_cat_font_style\":\"\",\"m4f_cat_font_weight\":\"\",\"m4f_cat_font_transform\":\"\",\"m4f_cat_font_spacing\":\"\",\"m4f_cat_\":\"\",\"m4f_meta_font_title\":\"Article meta info\",\"m4f_meta_font_settings\":\"\",\"m4f_meta_font_family\":\"\",\"m4f_meta_font_size\":\"\",\"m4f_meta_font_line_height\":\"\",\"m4f_meta_font_style\":\"\",\"m4f_meta_font_weight\":\"\",\"m4f_meta_font_transform\":\"\",\"m4f_meta_font_spacing\":\"\",\"m4f_meta_\":\"\",\"m4f_ex_font_title\":\"Article excerpt\",\"m4f_ex_font_settings\":\"\",\"m4f_ex_font_family\":\"\",\"m4f_ex_font_size\":\"\",\"m4f_ex_font_line_height\":\"\",\"m4f_ex_font_style\":\"\",\"m4f_ex_font_weight\":\"\",\"m4f_ex_font_transform\":\"\",\"m4f_ex_font_spacing\":\"\",\"m4f_ex_\":\"\",\"m6f_title_font_header\":\"\",\"m6f_title_font_title\":\"Article title\",\"m6f_title_font_settings\":\"\",\"m6f_title_font_family\":\"\",\"m6f_title_font_size\":\"\",\"m6f_title_font_line_height\":\"\",\"m6f_title_font_style\":\"\",\"m6f_title_font_weight\":\"\",\"m6f_title_font_transform\":\"\",\"m6f_title_font_spacing\":\"\",\"m6f_title_\":\"\",\"m6f_cat_font_title\":\"Article category tag\",\"m6f_cat_font_settings\":\"\",\"m6f_cat_font_family\":\"\",\"m6f_cat_font_size\":\"\",\"m6f_cat_font_line_height\":\"\",\"m6f_cat_font_style\":\"\",\"m6f_cat_font_weight\":\"\",\"m6f_cat_font_transform\":\"\",\"m6f_cat_font_spacing\":\"\",\"m6f_cat_\":\"\",\"m6f_meta_font_title\":\"Article meta info\",\"m6f_meta_font_settings\":\"\",\"m6f_meta_font_family\":\"\",\"m6f_meta_font_size\":\"\",\"m6f_meta_font_line_height\":\"\",\"m6f_meta_font_style\":\"\",\"m6f_meta_font_weight\":\"\",\"m6f_meta_font_transform\":\"\",\"m6f_meta_font_spacing\":\"\",\"m6f_meta_\":\"\",\"ajax_pagination\":\"\",\"ajax_pagination_infinite_stop\":\"\",\"css\":\"\",\"tdc_css\":\"\",\"td_column_number\":3,\"header_color\":\"\",\"ajax_pagination_next_prev_swipe\":\"\",\"class\":\"tdi_8\",\"tdc_css_class\":\"tdi_8\",\"tdc_css_class_style\":\"tdi_8_rand_style\"}';\nblock_tdi_8.td_column_number = \"3\";\nblock_tdi_8.block_type = \"td_block_1\";\nblock_tdi_8.post_count = \"10\";\nblock_tdi_8.found_posts = \"11\";\nblock_tdi_8.header_color = \"\";\nblock_tdi_8.ajax_pagination_infinite_stop = \"\";\nblock_tdi_8.max_num_pages = \"2\";\ntdBlocksArray.push(block_tdi_8);\n<\/script><div id=tdi_8 class=\"td_block_inner\">\n\n\t<div class=\"td-block-row\">\n\n\t<div class=\"td-block-span4\">\n\r\n        <div class=\"td_module_4 td_module_wrap td-animation-stack td-meta-info-hide td-cpt-post\">\r\n            <div class=\"td-module-image\">\r\n                <div class=\"td-module-thumb\"><a href=\"https:\/\/sincomavi.org.br\/?p=13821\"  rel=\"bookmark\" class=\"td-image-wrap \" title=\"Conven\u00e7\u00f5es Coletivas de Trabalho 2025\/2026\" ><img loading=\"lazy\" decoding=\"async\" width=\"300\" height=\"194\" class=\"entry-thumb\" src=\"https:\/\/sincomavi.org.br\/wp-content\/uploads\/2025\/06\/cct-2025-300x194.png\"  srcset=\"https:\/\/sincomavi.org.br\/wp-content\/uploads\/2025\/06\/cct-2025-300x194.png 300w, https:\/\/sincomavi.org.br\/wp-content\/uploads\/2025\/06\/cct-2025-341x220.png 341w\" sizes=\"auto, (max-width: 300px) 100vw, 300px\"  alt=\"\" title=\"Conven\u00e7\u00f5es Coletivas de Trabalho 2025\/2026\" \/><\/a><\/div>                                            <\/div>\r\n\r\n            <h3 class=\"entry-title td-module-title\"><a href=\"https:\/\/sincomavi.org.br\/?p=13821\"  rel=\"bookmark\" title=\"Conven\u00e7\u00f5es Coletivas de Trabalho 2025\/2026\">Conven\u00e7\u00f5es Coletivas de Trabalho 2025\/2026<\/a><\/h3>\r\n            <div class=\"meta-info\">\r\n                                                                            <\/div>\r\n\r\n            <div class=\"td-excerpt\">\r\n                \n\n\n\n\n&gt;&gt; Confira na rela\u00e7\u00e3o abaixo as CCTs firmadas para o per\u00edodo 2025\/2026.\n\n\n\nPara ter acesso ao documento oficial, clique no bot\u00e3o e preencha todos os...            <\/div>\r\n\r\n            \r\n        <\/div>\r\n\r\n        \n\t<\/div> <!-- .\/td-block-span4 -->\n\n\t<div class=\"td-block-span4\">\n\r\n        <div class=\"td_module_6 td_module_wrap td-animation-stack td-meta-info-hide td-cpt-post\">\r\n            \r\n            <div class=\"td-module-thumb\"><a href=\"https:\/\/sincomavi.org.br\/?p=11898\"  rel=\"bookmark\" class=\"td-image-wrap \" title=\"Conven\u00e7\u00f5es Coletivas de Trabalho 2024\/2025\" ><img loading=\"lazy\" decoding=\"async\" width=\"100\" height=\"75\" class=\"entry-thumb\" src=\"https:\/\/sincomavi.org.br\/wp-content\/uploads\/2024\/06\/CCT-2024-2025-100x75.jpg\"  srcset=\"https:\/\/sincomavi.org.br\/wp-content\/uploads\/2024\/06\/CCT-2024-2025-100x75.jpg 100w, https:\/\/sincomavi.org.br\/wp-content\/uploads\/2024\/06\/CCT-2024-2025-300x225.jpg 300w, https:\/\/sincomavi.org.br\/wp-content\/uploads\/2024\/06\/CCT-2024-2025-1024x768.jpg 1024w, https:\/\/sincomavi.org.br\/wp-content\/uploads\/2024\/06\/CCT-2024-2025-768x576.jpg 768w, https:\/\/sincomavi.org.br\/wp-content\/uploads\/2024\/06\/CCT-2024-2025-1536x1152.jpg 1536w, https:\/\/sincomavi.org.br\/wp-content\/uploads\/2024\/06\/CCT-2024-2025-560x420.jpg 560w, https:\/\/sincomavi.org.br\/wp-content\/uploads\/2024\/06\/CCT-2024-2025-80x60.jpg 80w, https:\/\/sincomavi.org.br\/wp-content\/uploads\/2024\/06\/CCT-2024-2025-180x135.jpg 180w, https:\/\/sincomavi.org.br\/wp-content\/uploads\/2024\/06\/CCT-2024-2025-238x178.jpg 238w, https:\/\/sincomavi.org.br\/wp-content\/uploads\/2024\/06\/CCT-2024-2025-265x198.jpg 265w, https:\/\/sincomavi.org.br\/wp-content\/uploads\/2024\/06\/CCT-2024-2025-640x480.jpg 640w, https:\/\/sincomavi.org.br\/wp-content\/uploads\/2024\/06\/CCT-2024-2025-681x511.jpg 681w, https:\/\/sincomavi.org.br\/wp-content\/uploads\/2024\/06\/CCT-2024-2025.jpg 1600w\" sizes=\"auto, (max-width: 100px) 100vw, 100px\"  alt=\"\" title=\"Conven\u00e7\u00f5es Coletivas de Trabalho 2024\/2025\" \/><\/a><\/div>\r\n        <div class=\"item-details\">\r\n\r\n            <h3 class=\"entry-title td-module-title\"><a href=\"https:\/\/sincomavi.org.br\/?p=11898\"  rel=\"bookmark\" title=\"Conven\u00e7\u00f5es Coletivas de Trabalho 2024\/2025\">Conven\u00e7\u00f5es Coletivas de Trabalho 2024\/2025<\/a><\/h3>            <div class=\"meta-info\">\r\n                                                                                            <\/div>\r\n        <\/div>\r\n\r\n        <\/div>\r\n\r\n        \r\n        <div class=\"td_module_6 td_module_wrap td-animation-stack td-meta-info-hide td-cpt-post\">\r\n            \r\n            <div class=\"td-module-thumb\"><a href=\"https:\/\/sincomavi.org.br\/?p=10124\"  rel=\"bookmark\" class=\"td-image-wrap \" title=\"Conven\u00e7\u00f5es Coletivas de Trabalho 2023\/2024\" ><img loading=\"lazy\" decoding=\"async\" width=\"100\" height=\"75\" class=\"entry-thumb\" src=\"https:\/\/sincomavi.org.br\/wp-content\/uploads\/2023\/06\/close-up-of-files-and-file-folders-on-a-desk-top-i-2022-03-04-02-16-07-utc-100x75.jpg\"  srcset=\"https:\/\/sincomavi.org.br\/wp-content\/uploads\/2023\/06\/close-up-of-files-and-file-folders-on-a-desk-top-i-2022-03-04-02-16-07-utc-100x75.jpg 100w, https:\/\/sincomavi.org.br\/wp-content\/uploads\/2023\/06\/close-up-of-files-and-file-folders-on-a-desk-top-i-2022-03-04-02-16-07-utc-80x60.jpg 80w, https:\/\/sincomavi.org.br\/wp-content\/uploads\/2023\/06\/close-up-of-files-and-file-folders-on-a-desk-top-i-2022-03-04-02-16-07-utc-180x135.jpg 180w, https:\/\/sincomavi.org.br\/wp-content\/uploads\/2023\/06\/close-up-of-files-and-file-folders-on-a-desk-top-i-2022-03-04-02-16-07-utc-238x178.jpg 238w, https:\/\/sincomavi.org.br\/wp-content\/uploads\/2023\/06\/close-up-of-files-and-file-folders-on-a-desk-top-i-2022-03-04-02-16-07-utc-265x198.jpg 265w\" sizes=\"auto, (max-width: 100px) 100vw, 100px\"  alt=\"\" title=\"Conven\u00e7\u00f5es Coletivas de Trabalho 2023\/2024\" \/><\/a><\/div>\r\n        <div class=\"item-details\">\r\n\r\n            <h3 class=\"entry-title td-module-title\"><a href=\"https:\/\/sincomavi.org.br\/?p=10124\"  rel=\"bookmark\" title=\"Conven\u00e7\u00f5es Coletivas de Trabalho 2023\/2024\">Conven\u00e7\u00f5es Coletivas de Trabalho 2023\/2024<\/a><\/h3>            <div class=\"meta-info\">\r\n                                                                                            <\/div>\r\n        <\/div>\r\n\r\n        <\/div>\r\n\r\n        \r\n        <div class=\"td_module_6 td_module_wrap td-animation-stack td-meta-info-hide td-cpt-post\">\r\n            \r\n            <div class=\"td-module-thumb\"><a href=\"https:\/\/sincomavi.org.br\/?p=8266\"  rel=\"bookmark\" class=\"td-image-wrap \" title=\"Conven\u00e7\u00f5es Coletivas de Trabalho 2022\/2023\" ><img loading=\"lazy\" decoding=\"async\" width=\"100\" height=\"75\" class=\"entry-thumb\" src=\"https:\/\/sincomavi.org.br\/wp-content\/uploads\/2022\/06\/0-AdobeStock_161979522-100x75.jpg\"  srcset=\"https:\/\/sincomavi.org.br\/wp-content\/uploads\/2022\/06\/0-AdobeStock_161979522-100x75.jpg 100w, https:\/\/sincomavi.org.br\/wp-content\/uploads\/2022\/06\/0-AdobeStock_161979522-80x60.jpg 80w, https:\/\/sincomavi.org.br\/wp-content\/uploads\/2022\/06\/0-AdobeStock_161979522-180x135.jpg 180w, https:\/\/sincomavi.org.br\/wp-content\/uploads\/2022\/06\/0-AdobeStock_161979522-238x178.jpg 238w, https:\/\/sincomavi.org.br\/wp-content\/uploads\/2022\/06\/0-AdobeStock_161979522-265x198.jpg 265w\" sizes=\"auto, (max-width: 100px) 100vw, 100px\"  alt=\"\" title=\"Conven\u00e7\u00f5es Coletivas de Trabalho 2022\/2023\" \/><\/a><\/div>\r\n        <div class=\"item-details\">\r\n\r\n            <h3 class=\"entry-title td-module-title\"><a href=\"https:\/\/sincomavi.org.br\/?p=8266\"  rel=\"bookmark\" title=\"Conven\u00e7\u00f5es Coletivas de Trabalho 2022\/2023\">Conven\u00e7\u00f5es Coletivas de Trabalho 2022\/2023<\/a><\/h3>            <div class=\"meta-info\">\r\n                                                                                            <\/div>\r\n        <\/div>\r\n\r\n        <\/div>\r\n\r\n        \r\n        <div class=\"td_module_6 td_module_wrap td-animation-stack td-meta-info-hide td-cpt-post\">\r\n            \r\n            <div class=\"td-module-thumb\"><a href=\"https:\/\/sincomavi.org.br\/?p=6845\"  rel=\"bookmark\" class=\"td-image-wrap \" title=\"Conven\u00e7\u00f5es Coletivas de Trabalho 2021\/2022\" ><img loading=\"lazy\" decoding=\"async\" width=\"100\" height=\"75\" class=\"entry-thumb\" src=\"https:\/\/sincomavi.org.br\/wp-content\/uploads\/2021\/08\/0_lets-file-H2WNL56-100x75.jpg\"  srcset=\"https:\/\/sincomavi.org.br\/wp-content\/uploads\/2021\/08\/0_lets-file-H2WNL56-100x75.jpg 100w, https:\/\/sincomavi.org.br\/wp-content\/uploads\/2021\/08\/0_lets-file-H2WNL56-300x225.jpg 300w, https:\/\/sincomavi.org.br\/wp-content\/uploads\/2021\/08\/0_lets-file-H2WNL56-1024x768.jpg 1024w, https:\/\/sincomavi.org.br\/wp-content\/uploads\/2021\/08\/0_lets-file-H2WNL56-768x576.jpg 768w, https:\/\/sincomavi.org.br\/wp-content\/uploads\/2021\/08\/0_lets-file-H2WNL56-560x420.jpg 560w, https:\/\/sincomavi.org.br\/wp-content\/uploads\/2021\/08\/0_lets-file-H2WNL56-80x60.jpg 80w, https:\/\/sincomavi.org.br\/wp-content\/uploads\/2021\/08\/0_lets-file-H2WNL56-180x135.jpg 180w, https:\/\/sincomavi.org.br\/wp-content\/uploads\/2021\/08\/0_lets-file-H2WNL56-238x178.jpg 238w, https:\/\/sincomavi.org.br\/wp-content\/uploads\/2021\/08\/0_lets-file-H2WNL56-265x198.jpg 265w, https:\/\/sincomavi.org.br\/wp-content\/uploads\/2021\/08\/0_lets-file-H2WNL56-640x480.jpg 640w, https:\/\/sincomavi.org.br\/wp-content\/uploads\/2021\/08\/0_lets-file-H2WNL56-681x511.jpg 681w, https:\/\/sincomavi.org.br\/wp-content\/uploads\/2021\/08\/0_lets-file-H2WNL56.jpg 1400w\" sizes=\"auto, (max-width: 100px) 100vw, 100px\"  alt=\"\" title=\"Conven\u00e7\u00f5es Coletivas de Trabalho 2021\/2022\" \/><\/a><\/div>\r\n        <div class=\"item-details\">\r\n\r\n            <h3 class=\"entry-title td-module-title\"><a href=\"https:\/\/sincomavi.org.br\/?p=6845\"  rel=\"bookmark\" title=\"Conven\u00e7\u00f5es Coletivas de Trabalho 2021\/2022\">Conven\u00e7\u00f5es Coletivas de Trabalho 2021\/2022<\/a><\/h3>            <div class=\"meta-info\">\r\n                                                                                            <\/div>\r\n        <\/div>\r\n\r\n        <\/div>\r\n\r\n        \n\t<\/div> <!-- .\/td-block-span4 -->\n\n\t<div class=\"td-block-span4\">\n\r\n        <div class=\"td_module_6 td_module_wrap td-animation-stack td-meta-info-hide td-cpt-post\">\r\n            \r\n            <div class=\"td-module-thumb\"><a href=\"https:\/\/sincomavi.org.br\/?p=4078\"  rel=\"bookmark\" class=\"td-image-wrap \" title=\"Conven\u00e7\u00f5es Coletivas de Trabalho 2020\/2021\" ><img loading=\"lazy\" decoding=\"async\" width=\"100\" height=\"75\" class=\"entry-thumb\" src=\"https:\/\/sincomavi.org.br\/wp-content\/uploads\/2020\/07\/1_caucasian-businessman-pulling-files-from-a-traditi-CV52TEZ-100x75.jpg\"  srcset=\"https:\/\/sincomavi.org.br\/wp-content\/uploads\/2020\/07\/1_caucasian-businessman-pulling-files-from-a-traditi-CV52TEZ-100x75.jpg 100w, https:\/\/sincomavi.org.br\/wp-content\/uploads\/2020\/07\/1_caucasian-businessman-pulling-files-from-a-traditi-CV52TEZ-80x60.jpg 80w, https:\/\/sincomavi.org.br\/wp-content\/uploads\/2020\/07\/1_caucasian-businessman-pulling-files-from-a-traditi-CV52TEZ-180x135.jpg 180w, https:\/\/sincomavi.org.br\/wp-content\/uploads\/2020\/07\/1_caucasian-businessman-pulling-files-from-a-traditi-CV52TEZ-238x178.jpg 238w, https:\/\/sincomavi.org.br\/wp-content\/uploads\/2020\/07\/1_caucasian-businessman-pulling-files-from-a-traditi-CV52TEZ-265x198.jpg 265w\" sizes=\"auto, (max-width: 100px) 100vw, 100px\"  alt=\"\" title=\"Conven\u00e7\u00f5es Coletivas de Trabalho 2020\/2021\" \/><\/a><\/div>\r\n        <div class=\"item-details\">\r\n\r\n            <h3 class=\"entry-title td-module-title\"><a href=\"https:\/\/sincomavi.org.br\/?p=4078\"  rel=\"bookmark\" title=\"Conven\u00e7\u00f5es Coletivas de Trabalho 2020\/2021\">Conven\u00e7\u00f5es Coletivas de Trabalho 2020\/2021<\/a><\/h3>            <div class=\"meta-info\">\r\n                                                                                            <\/div>\r\n        <\/div>\r\n\r\n        <\/div>\r\n\r\n        \r\n        <div class=\"td_module_6 td_module_wrap td-animation-stack td-meta-info-hide td-cpt-post\">\r\n            \r\n            <div class=\"td-module-thumb\"><a href=\"https:\/\/sincomavi.org.br\/?p=1906\"  rel=\"bookmark\" class=\"td-image-wrap \" title=\"Conven\u00e7\u00f5es Coletivas de Trabalho 2019\/2020\" ><img loading=\"lazy\" decoding=\"async\" width=\"100\" height=\"75\" class=\"entry-thumb\" src=\"https:\/\/sincomavi.org.br\/wp-content\/uploads\/2019\/12\/sao-paulo-museum-of-art-masp-PDWKR7P-100x75.jpg\"  srcset=\"https:\/\/sincomavi.org.br\/wp-content\/uploads\/2019\/12\/sao-paulo-museum-of-art-masp-PDWKR7P-100x75.jpg 100w, https:\/\/sincomavi.org.br\/wp-content\/uploads\/2019\/12\/sao-paulo-museum-of-art-masp-PDWKR7P-80x60.jpg 80w, https:\/\/sincomavi.org.br\/wp-content\/uploads\/2019\/12\/sao-paulo-museum-of-art-masp-PDWKR7P-180x135.jpg 180w, https:\/\/sincomavi.org.br\/wp-content\/uploads\/2019\/12\/sao-paulo-museum-of-art-masp-PDWKR7P-238x178.jpg 238w, https:\/\/sincomavi.org.br\/wp-content\/uploads\/2019\/12\/sao-paulo-museum-of-art-masp-PDWKR7P-265x198.jpg 265w\" sizes=\"auto, (max-width: 100px) 100vw, 100px\"  alt=\"\" title=\"Conven\u00e7\u00f5es Coletivas de Trabalho 2019\/2020\" \/><\/a><\/div>\r\n        <div class=\"item-details\">\r\n\r\n            <h3 class=\"entry-title td-module-title\"><a href=\"https:\/\/sincomavi.org.br\/?p=1906\"  rel=\"bookmark\" title=\"Conven\u00e7\u00f5es Coletivas de Trabalho 2019\/2020\">Conven\u00e7\u00f5es Coletivas de Trabalho 2019\/2020<\/a><\/h3>            <div class=\"meta-info\">\r\n                                                                                            <\/div>\r\n        <\/div>\r\n\r\n        <\/div>\r\n\r\n        \r\n        <div class=\"td_module_6 td_module_wrap td-animation-stack td-meta-info-hide td-cpt-post\">\r\n            \r\n            <div class=\"td-module-thumb\"><a href=\"https:\/\/sincomavi.org.br\/?p=190\"  rel=\"bookmark\" class=\"td-image-wrap \" title=\"Conven\u00e7\u00f5es Coletivas de Trabalho 2018\/2019\" ><img loading=\"lazy\" decoding=\"async\" width=\"100\" height=\"75\" class=\"entry-thumb\" src=\"https:\/\/sincomavi.org.br\/wp-content\/uploads\/2019\/08\/239-100x75.jpg\"  srcset=\"https:\/\/sincomavi.org.br\/wp-content\/uploads\/2019\/08\/239-100x75.jpg 100w, https:\/\/sincomavi.org.br\/wp-content\/uploads\/2019\/08\/239-80x60.jpg 80w, https:\/\/sincomavi.org.br\/wp-content\/uploads\/2019\/08\/239-180x135.jpg 180w, https:\/\/sincomavi.org.br\/wp-content\/uploads\/2019\/08\/239-238x178.jpg 238w\" sizes=\"auto, (max-width: 100px) 100vw, 100px\"  alt=\"\" title=\"Conven\u00e7\u00f5es Coletivas de Trabalho 2018\/2019\" \/><\/a><\/div>\r\n        <div class=\"item-details\">\r\n\r\n            <h3 class=\"entry-title td-module-title\"><a href=\"https:\/\/sincomavi.org.br\/?p=190\"  rel=\"bookmark\" title=\"Conven\u00e7\u00f5es Coletivas de Trabalho 2018\/2019\">Conven\u00e7\u00f5es Coletivas de Trabalho 2018\/2019<\/a><\/h3>            <div class=\"meta-info\">\r\n                                                                                            <\/div>\r\n        <\/div>\r\n\r\n        <\/div>\r\n\r\n        \r\n        <div class=\"td_module_6 td_module_wrap td-animation-stack td-meta-info-hide td-cpt-post\">\r\n            \r\n            <div class=\"td-module-thumb\"><a href=\"https:\/\/sincomavi.org.br\/?p=226\"  rel=\"bookmark\" class=\"td-image-wrap \" title=\"Conven\u00e7\u00f5es Coletivas de Trabalho 2017\/2018\" ><img loading=\"lazy\" decoding=\"async\" width=\"100\" height=\"75\" class=\"entry-thumb\" src=\"https:\/\/sincomavi.org.br\/wp-content\/uploads\/2019\/08\/ESTACAO_LUZ_SP-100x75.jpg\"  srcset=\"https:\/\/sincomavi.org.br\/wp-content\/uploads\/2019\/08\/ESTACAO_LUZ_SP-100x75.jpg 100w, https:\/\/sincomavi.org.br\/wp-content\/uploads\/2019\/08\/ESTACAO_LUZ_SP-80x60.jpg 80w, https:\/\/sincomavi.org.br\/wp-content\/uploads\/2019\/08\/ESTACAO_LUZ_SP-180x135.jpg 180w, https:\/\/sincomavi.org.br\/wp-content\/uploads\/2019\/08\/ESTACAO_LUZ_SP-238x178.jpg 238w\" sizes=\"auto, (max-width: 100px) 100vw, 100px\"  alt=\"\" title=\"Conven\u00e7\u00f5es Coletivas de Trabalho 2017\/2018\" \/><\/a><\/div>\r\n        <div class=\"item-details\">\r\n\r\n            <h3 class=\"entry-title td-module-title\"><a href=\"https:\/\/sincomavi.org.br\/?p=226\"  rel=\"bookmark\" title=\"Conven\u00e7\u00f5es Coletivas de Trabalho 2017\/2018\">Conven\u00e7\u00f5es Coletivas de Trabalho 2017\/2018<\/a><\/h3>            <div class=\"meta-info\">\r\n                                                                                            <\/div>\r\n        <\/div>\r\n\r\n        <\/div>\r\n\r\n        \r\n        <div class=\"td_module_6 td_module_wrap td-animation-stack td-meta-info-hide td-cpt-post\">\r\n            \r\n            <div class=\"td-module-thumb\"><a href=\"https:\/\/sincomavi.org.br\/?p=295\"  rel=\"bookmark\" class=\"td-image-wrap \" title=\"Conven\u00e7\u00f5es Coletivas de Trabalho 2016\/2017\" ><img loading=\"lazy\" decoding=\"async\" width=\"100\" height=\"75\" class=\"entry-thumb\" src=\"https:\/\/sincomavi.org.br\/wp-content\/uploads\/2019\/08\/centro_sp-100x75.jpg\"  srcset=\"https:\/\/sincomavi.org.br\/wp-content\/uploads\/2019\/08\/centro_sp-100x75.jpg 100w, https:\/\/sincomavi.org.br\/wp-content\/uploads\/2019\/08\/centro_sp-80x60.jpg 80w, https:\/\/sincomavi.org.br\/wp-content\/uploads\/2019\/08\/centro_sp-180x135.jpg 180w, https:\/\/sincomavi.org.br\/wp-content\/uploads\/2019\/08\/centro_sp-238x178.jpg 238w\" sizes=\"auto, (max-width: 100px) 100vw, 100px\"  alt=\"\" title=\"Conven\u00e7\u00f5es Coletivas de Trabalho 2016\/2017\" \/><\/a><\/div>\r\n        <div class=\"item-details\">\r\n\r\n            <h3 class=\"entry-title td-module-title\"><a href=\"https:\/\/sincomavi.org.br\/?p=295\"  rel=\"bookmark\" title=\"Conven\u00e7\u00f5es Coletivas de Trabalho 2016\/2017\">Conven\u00e7\u00f5es Coletivas de Trabalho 2016\/2017<\/a><\/h3>            <div class=\"meta-info\">\r\n                                                                                            <\/div>\r\n        <\/div>\r\n\r\n        <\/div>\r\n\r\n        \n\t<\/div> <!-- .\/td-block-span4 --><\/div><!--.\/row-fluid--><\/div><\/div> <!-- .\/block --><div class=\"td_block_wrap td_block_text_with_title tdi_9 td-pb-border-top td_block_template_1\"  data-td-block-uid=\"tdi_9\" >\n<style>\n\/* custom css - generated by TagDiv Composer *\/\n\/* custom css - generated by TagDiv Composer *\/\n\n<\/style><div class=\"td_mod_wrap td-pb-padding-side td-fix-index\"><p><strong>Saiba mais<\/strong><br \/>\nConfira as diferen\u00e7as entre Conven\u00e7\u00e3o Coletiva de Trabalho (CCT) e Acordo Coletivo de Trabalho (ACT) nos links abaixo:<\/p>\n<ul>\n<li><a href=\"https:\/\/sincomavi.org.br\/?p=844\"><strong>CCT<\/strong><\/a><\/li>\n<li><a href=\"https:\/\/sincomavi.org.br\/?p=837\"><strong>ACT<\/strong><\/a><\/li>\n<\/ul>\n<\/div><\/div><\/div><\/div><\/div><\/div><\/div><\/div>","protected":false},"excerpt":{"rendered":"Importante Para outros per\u00edodos entre em contato com o Sincomavi pelo telefone (11) 3488-8200 ou sincomavi@sincomavi.org.br. Conven\u00e7\u00f5es Coletivas de Trabalho 2025\/2026 &gt;&gt; Confira na rela\u00e7\u00e3o abaixo as CCTs firmadas para o per\u00edodo 2025\/2026. Para ter acesso ao documento oficial, clique no bot\u00e3o e preencha todos os... Conven\u00e7\u00f5es Coletivas de Trabalho 2024\/2025 Conven\u00e7\u00f5es Coletivas de Trabalho [...]","protected":false},"author":1,"featured_media":0,"parent":0,"menu_order":0,"comment_status":"closed","ping_status":"closed","template":"","meta":{"tdm_status":"","tdm_grid_status":"","footnotes":""},"class_list":["post-187","page","type-page","status-publish","hentry"],"amp_enabled":true,"_links":{"self":[{"href":"https:\/\/sincomavi.org.br\/index.php?rest_route=\/wp\/v2\/pages\/187","targetHints":{"allow":["GET"]}}],"collection":[{"href":"https:\/\/sincomavi.org.br\/index.php?rest_route=\/wp\/v2\/pages"}],"about":[{"href":"https:\/\/sincomavi.org.br\/index.php?rest_route=\/wp\/v2\/types\/page"}],"author":[{"embeddable":true,"href":"https:\/\/sincomavi.org.br\/index.php?rest_route=\/wp\/v2\/users\/1"}],"replies":[{"embeddable":true,"href":"https:\/\/sincomavi.org.br\/index.php?rest_route=%2Fwp%2Fv2%2Fcomments&post=187"}],"version-history":[{"count":12,"href":"https:\/\/sincomavi.org.br\/index.php?rest_route=\/wp\/v2\/pages\/187\/revisions"}],"predecessor-version":[{"id":1936,"href":"https:\/\/sincomavi.org.br\/index.php?rest_route=\/wp\/v2\/pages\/187\/revisions\/1936"}],"wp:attachment":[{"href":"https:\/\/sincomavi.org.br\/index.php?rest_route=%2Fwp%2Fv2%2Fmedia&parent=187"}],"curies":[{"name":"wp","href":"https:\/\/api.w.org\/{rel}","templated":true}]}}